{"id":612852,"date":"2025-08-10T13:01:32","date_gmt":"2025-08-10T11:01:32","guid":{"rendered":"https:\/\/lucacastelli.com\/prodotto\/milwaukee-32mm-40mm-chaine-pour-agrafeuse-a-grande-vitesse-m18-hsfsm\/"},"modified":"2025-08-10T13:01:32","modified_gmt":"2025-08-10T11:01:32","slug":"milwaukee-32mm-40mm-chaine-pour-agrafeuse-a-grande-vitesse-m18-hsfsm","status":"publish","type":"product","link":"https:\/\/lucacastelli.com\/fr\/produit\/milwaukee-32mm-40mm-chaine-pour-agrafeuse-a-grande-vitesse-m18-hsfsm\/","title":{"rendered":"Milwaukee 32mm &#8211; 40mm cha\u00eene pour agrafeuse \u00e0 grande vitesse M18 HSFSM"},"content":{"rendered":"<p>Cha\u00eene 32-40\/ACC SIS HSFSM Stasers<br \/>\nCha\u00eene standard avec attache de 8 mm pour les stasers \u00e0 grande vitesse ; A utiliser dans les tuyaux en plastique et en PVC pour enlever la graisse ou les obstacles mous<\/p>\n<p>4932480724<br \/>\n4058546410094<\/p>\n","protected":false},"excerpt":{"rendered":"<p>Cha\u00eene 32-40\/ACC Agrafeuse SIS HSFSM<\/p>\n","protected":false},"featured_media":553905,"template":"","meta":{"_seopress_robots_primary_cat":"","_seopress_titles_title":"","_seopress_titles_desc":"","_seopress_robots_index":""},"product_brand":[3658],"product_cat":[5532,167],"product_tag":[3273],"class_list":{"0":"post-612852","1":"product","2":"type-product","3":"status-publish","4":"has-post-thumbnail","6":"product_brand-milwaukee-fr","7":"product_cat-diverses-machines-milwaukee","8":"product_cat-machines","9":"product_tag-import-milwau-fr","10":"sws-conto-ricavi-merci-rivendita-macchinari-fr","11":"sws-gruppo-iva-iva81-fr","13":"first","14":"onbackorder","15":"sale","16":"shipping-taxable","17":"purchasable","18":"product-type-simple"},"_links":{"self":[{"href":"https:\/\/lucacastelli.com\/fr\/wp-json\/wp\/v2\/product\/612852","targetHints":{"allow":["GET"]}}],"collection":[{"href":"https:\/\/lucacastelli.com\/fr\/wp-json\/wp\/v2\/product"}],"about":[{"href":"https:\/\/lucacastelli.com\/fr\/wp-json\/wp\/v2\/types\/product"}],"wp:featuredmedia":[{"embeddable":true,"href":"https:\/\/lucacastelli.com\/fr\/wp-json\/wp\/v2\/media\/553905"}],"wp:attachment":[{"href":"https:\/\/lucacastelli.com\/fr\/wp-json\/wp\/v2\/media?parent=612852"}],"wp:term":[{"taxonomy":"product_brand","embeddable":true,"href":"https:\/\/lucacastelli.com\/fr\/wp-json\/wp\/v2\/product_brand?post=612852"},{"taxonomy":"product_cat","embeddable":true,"href":"https:\/\/lucacastelli.com\/fr\/wp-json\/wp\/v2\/product_cat?post=612852"},{"taxonomy":"product_tag","embeddable":true,"href":"https:\/\/lucacastelli.com\/fr\/wp-json\/wp\/v2\/product_tag?post=612852"}],"curies":[{"name":"wp","href":"https:\/\/api.w.org\/{rel}","templated":true}]}}