{"id":612848,"date":"2025-08-10T13:01:28","date_gmt":"2025-08-10T11:01:28","guid":{"rendered":"https:\/\/lucacastelli.com\/prodotto\/milwaukee-chaine-en-carbure-32-mm-40-mm-pour-agrafeuse-a-grande-vitesse-m18-hsfsm\/"},"modified":"2025-08-10T13:01:28","modified_gmt":"2025-08-10T11:01:28","slug":"milwaukee-chaine-en-carbure-32-mm-40-mm-pour-agrafeuse-a-grande-vitesse-m18-hsfsm","status":"publish","type":"product","link":"https:\/\/lucacastelli.com\/fr\/produit\/milwaukee-chaine-en-carbure-32-mm-40-mm-pour-agrafeuse-a-grande-vitesse-m18-hsfsm\/","title":{"rendered":"Milwaukee Cha\u00eene en carbure 32 mm &#8211; 40 mm pour agrafeuse \u00e0 grande vitesse M18 HSFSM."},"content":{"rendered":"<p>Cha\u00eene Carb 32-40\/ACC SIS HSFSM Stasatr<br \/>\nCha\u00eene en carbure avec attachement de 8 mm pour stasatr \u00e0 grande vitesse&lt;br&gt; Utilisation dans les canalisations m\u00e9talliques pour \u00e9liminer les d\u00e9p\u00f4ts min\u00e9raux<\/p>\n<p>4932480728<br \/>\n4058546410131<\/p>\n","protected":false},"excerpt":{"rendered":"<p>Cha\u00eene Carb 32-40\/ACC SIS HSFSM Stasatr<\/p>\n","protected":false},"featured_media":553941,"template":"","meta":{"_seopress_robots_primary_cat":"","_seopress_titles_title":"","_seopress_titles_desc":"","_seopress_robots_index":""},"product_brand":[3658],"product_cat":[5532,167],"product_tag":[3273],"class_list":{"0":"post-612848","1":"product","2":"type-product","3":"status-publish","4":"has-post-thumbnail","6":"product_brand-milwaukee-fr","7":"product_cat-diverses-machines-milwaukee","8":"product_cat-machines","9":"product_tag-import-milwau-fr","10":"sws-conto-ricavi-merci-rivendita-macchinari-fr","11":"sws-gruppo-iva-iva81-fr","13":"first","14":"onbackorder","15":"sale","16":"shipping-taxable","17":"purchasable","18":"product-type-simple"},"_links":{"self":[{"href":"https:\/\/lucacastelli.com\/fr\/wp-json\/wp\/v2\/product\/612848","targetHints":{"allow":["GET"]}}],"collection":[{"href":"https:\/\/lucacastelli.com\/fr\/wp-json\/wp\/v2\/product"}],"about":[{"href":"https:\/\/lucacastelli.com\/fr\/wp-json\/wp\/v2\/types\/product"}],"wp:featuredmedia":[{"embeddable":true,"href":"https:\/\/lucacastelli.com\/fr\/wp-json\/wp\/v2\/media\/553941"}],"wp:attachment":[{"href":"https:\/\/lucacastelli.com\/fr\/wp-json\/wp\/v2\/media?parent=612848"}],"wp:term":[{"taxonomy":"product_brand","embeddable":true,"href":"https:\/\/lucacastelli.com\/fr\/wp-json\/wp\/v2\/product_brand?post=612848"},{"taxonomy":"product_cat","embeddable":true,"href":"https:\/\/lucacastelli.com\/fr\/wp-json\/wp\/v2\/product_cat?post=612848"},{"taxonomy":"product_tag","embeddable":true,"href":"https:\/\/lucacastelli.com\/fr\/wp-json\/wp\/v2\/product_tag?post=612848"}],"curies":[{"name":"wp","href":"https:\/\/api.w.org\/{rel}","templated":true}]}}