{"id":612833,"date":"2025-08-10T12:57:40","date_gmt":"2025-08-10T10:57:40","guid":{"rendered":"https:\/\/lucacastelli.com\/prodotto\/marteau-de-demolition-de-classe-10-kg-milwaukee-3\/"},"modified":"2025-08-10T12:57:40","modified_gmt":"2025-08-10T10:57:40","slug":"marteau-de-demolition-de-classe-10-kg-milwaukee-3","status":"publish","type":"product","link":"https:\/\/lucacastelli.com\/fr\/produit\/marteau-de-demolition-de-classe-10-kg-milwaukee-3\/","title":{"rendered":"Marteau de d\u00e9molition de classe 10 kg Milwaukee"},"content":{"rendered":"<p>K1000S\/DEMOLITEURS ET PERFORATEURS<br \/>\n\u00c9nergie de soufflage de 26 J pour les applications les plus difficiles;Syst\u00e8me innovant Milwaukee\u00ae AVS int\u00e9gr\u00e9 au corps de la machine pour un travail sans vibrations;1400 &#8211; 1950 c\/min pour des performances maximales lors de la d\u00e9molition ;Le c\u00e2ble de 6 m permet de travailler sur une large zone;Variolock avec 12 positions pour ajuster l&#8217;angle de burinage;Attachement SDS-Max;Indicateur LED d&#8217;\u00e9tat de maintenance;Fen\u00eatre d\u00e9di\u00e9e au charbon de bois pour faciliter la maintenance;Mallette avec roues pour faciliter le transport<\/p>\n<p>4933464120<br \/>\n4058546220655<\/p>\n","protected":false},"excerpt":{"rendered":"<p>K1000S\/D\u00c9MOLISSEURS ET PERFORATEURS<\/p>\n","protected":false},"featured_media":573143,"template":"","meta":{"_seopress_robots_primary_cat":"","_seopress_titles_title":"","_seopress_titles_desc":"","_seopress_robots_index":""},"product_brand":[3407],"product_cat":[5531,29],"product_tag":[3270],"class_list":{"0":"post-612833","1":"product","2":"type-product","3":"status-publish","4":"has-post-thumbnail","6":"product_brand-milwaukee","7":"product_cat-vari-macchinari-milwaukee","8":"product_cat-macchinari","9":"product_tag-import-milwau","10":"sws-conto-ricavi-merci-rivendita-macchinari-fr","11":"sws-gruppo-iva-iva81-fr","13":"first","14":"onbackorder","15":"sale","16":"shipping-taxable","17":"purchasable","18":"product-type-simple"},"_links":{"self":[{"href":"https:\/\/lucacastelli.com\/fr\/wp-json\/wp\/v2\/product\/612833","targetHints":{"allow":["GET"]}}],"collection":[{"href":"https:\/\/lucacastelli.com\/fr\/wp-json\/wp\/v2\/product"}],"about":[{"href":"https:\/\/lucacastelli.com\/fr\/wp-json\/wp\/v2\/types\/product"}],"wp:featuredmedia":[{"embeddable":true,"href":"https:\/\/lucacastelli.com\/fr\/wp-json\/wp\/v2\/media\/573143"}],"wp:attachment":[{"href":"https:\/\/lucacastelli.com\/fr\/wp-json\/wp\/v2\/media?parent=612833"}],"wp:term":[{"taxonomy":"product_brand","embeddable":true,"href":"https:\/\/lucacastelli.com\/fr\/wp-json\/wp\/v2\/product_brand?post=612833"},{"taxonomy":"product_cat","embeddable":true,"href":"https:\/\/lucacastelli.com\/fr\/wp-json\/wp\/v2\/product_cat?post=612833"},{"taxonomy":"product_tag","embeddable":true,"href":"https:\/\/lucacastelli.com\/fr\/wp-json\/wp\/v2\/product_tag?post=612833"}],"curies":[{"name":"wp","href":"https:\/\/api.w.org\/{rel}","templated":true}]}}