{"id":612826,"date":"2025-08-10T16:10:29","date_gmt":"2025-08-10T14:10:29","guid":{"rendered":"https:\/\/lucacastelli.com\/prodotto\/flexometre-milwaukee-serie-lame-large\/"},"modified":"2025-08-17T02:45:33","modified_gmt":"2025-08-17T00:45:33","slug":"flexometre-milwaukee-serie-lame-large","status":"publish","type":"product","link":"https:\/\/lucacastelli.com\/fr\/produit\/flexometre-milwaukee-serie-lame-large\/","title":{"rendered":"Flexom\u00e8tre Milwaukee &#8211; S\u00e9rie LAME LARGE"},"content":{"rendered":"<p>FLEXOM\u00c8TRE \u00c0 LARGE LAME 5 m (m\u00e9trique) 1 pc<br \/>\nOuverture sans support jusqu&#8217;\u00e0 4 m;Ruban avec rev\u00eatement en nylon;Ruban avec \u00e9chelle imprim\u00e9e des deux c\u00f4t\u00e9s;Bo\u00eetier renforc\u00e9 en 5 points pour plus de durabilit\u00e9 ;But\u00e9e pour les doigts, prot\u00e8ge les doigts et permet un contr\u00f4le maximal du ruban pendant le rembobinage;Crochet de ceinture pratique;Rev\u00eatement de ruban en nylon pour r\u00e9duire l&#8217;usure du ruban;Disposition pour la longe antichute<\/p>\n<p>4932471815<br \/>\n4058546297145.<\/p>\n","protected":false},"excerpt":{"rendered":"<p>FLEXOM\u00c8TRE \u00c0 LARGE LAME 5 m (m\u00e9trique) 1 pc<\/p>\n","protected":false},"featured_media":537939,"template":"","meta":{"_seopress_robots_primary_cat":"","_seopress_titles_title":"","_seopress_titles_desc":"","_seopress_robots_index":""},"product_brand":[3407],"product_cat":[29,514,551],"product_tag":[3270],"class_list":{"0":"post-612826","1":"product","2":"type-product","3":"status-publish","4":"has-post-thumbnail","6":"product_brand-milwaukee","7":"product_cat-macchinari","8":"product_cat-altri-dispositivi","9":"product_cat-apparecchi-di-misurazione","10":"product_tag-import-milwau","11":"sws-conto-ricavi-merci-rivendita-macchinari-fr","12":"sws-gruppo-iva-iva81-fr","14":"first","15":"onbackorder","16":"shipping-taxable","17":"purchasable","18":"product-type-simple"},"_links":{"self":[{"href":"https:\/\/lucacastelli.com\/fr\/wp-json\/wp\/v2\/product\/612826","targetHints":{"allow":["GET"]}}],"collection":[{"href":"https:\/\/lucacastelli.com\/fr\/wp-json\/wp\/v2\/product"}],"about":[{"href":"https:\/\/lucacastelli.com\/fr\/wp-json\/wp\/v2\/types\/product"}],"wp:featuredmedia":[{"embeddable":true,"href":"https:\/\/lucacastelli.com\/fr\/wp-json\/wp\/v2\/media\/537939"}],"wp:attachment":[{"href":"https:\/\/lucacastelli.com\/fr\/wp-json\/wp\/v2\/media?parent=612826"}],"wp:term":[{"taxonomy":"product_brand","embeddable":true,"href":"https:\/\/lucacastelli.com\/fr\/wp-json\/wp\/v2\/product_brand?post=612826"},{"taxonomy":"product_cat","embeddable":true,"href":"https:\/\/lucacastelli.com\/fr\/wp-json\/wp\/v2\/product_cat?post=612826"},{"taxonomy":"product_tag","embeddable":true,"href":"https:\/\/lucacastelli.com\/fr\/wp-json\/wp\/v2\/product_tag?post=612826"}],"curies":[{"name":"wp","href":"https:\/\/api.w.org\/{rel}","templated":true}]}}