{"id":612816,"date":"2025-08-10T16:08:33","date_gmt":"2025-08-10T14:08:33","guid":{"rendered":"https:\/\/lucacastelli.com\/prodotto\/flexometre-milwaukee-serie-autolock-2\/"},"modified":"2025-08-10T16:08:33","modified_gmt":"2025-08-10T14:08:33","slug":"flexometre-milwaukee-serie-autolock-2","status":"publish","type":"product","link":"https:\/\/lucacastelli.com\/fr\/produit\/flexometre-milwaukee-serie-autolock-2\/","title":{"rendered":"Flexom\u00e8tre Milwaukee &#8211; S\u00e9rie AUTOLOCK"},"content":{"rendered":"<p>FLESSOM. AUTOLOCK 8 m (m\u00e9trique) 1pc<br \/>\nFrein Autolock : le ruban se bloque automatiquement d\u00e8s qu&#8217;il est tir\u00e9;Rev\u00eatement en nylon pour une protection accrue contre les d\u00e9bris, la poussi\u00e8re et l&#8217;eau;Cadre renforc\u00e9 en 5 points;Bo\u00eetier en ABS avec softgrip pour un confort et une durabilit\u00e9 accrus;Design plus ergonomique et plus compact;Clip de ceinture;Classe de pr\u00e9cision II. <\/p>\n<p>4932464664<br \/>\n4058546226091<\/p>\n","protected":false},"excerpt":{"rendered":"<p>FLESSOM. AUTOLOCK 8 m (m\u00e9trique) 1pc <\/p>\n","protected":false},"featured_media":529568,"template":"","meta":{"_seopress_robots_primary_cat":"","_seopress_titles_title":"","_seopress_titles_desc":"","_seopress_robots_index":""},"product_brand":[3407],"product_cat":[29,514,551],"product_tag":[3270],"class_list":{"0":"post-612816","1":"product","2":"type-product","3":"status-publish","4":"has-post-thumbnail","6":"product_brand-milwaukee","7":"product_cat-macchinari","8":"product_cat-altri-dispositivi","9":"product_cat-apparecchi-di-misurazione","10":"product_tag-import-milwau","11":"sws-conto-ricavi-merci-rivendita-macchinari-fr","12":"sws-gruppo-iva-iva81-fr","14":"first","15":"onbackorder","16":"shipping-taxable","17":"purchasable","18":"product-type-simple"},"_links":{"self":[{"href":"https:\/\/lucacastelli.com\/fr\/wp-json\/wp\/v2\/product\/612816","targetHints":{"allow":["GET"]}}],"collection":[{"href":"https:\/\/lucacastelli.com\/fr\/wp-json\/wp\/v2\/product"}],"about":[{"href":"https:\/\/lucacastelli.com\/fr\/wp-json\/wp\/v2\/types\/product"}],"wp:featuredmedia":[{"embeddable":true,"href":"https:\/\/lucacastelli.com\/fr\/wp-json\/wp\/v2\/media\/529568"}],"wp:attachment":[{"href":"https:\/\/lucacastelli.com\/fr\/wp-json\/wp\/v2\/media?parent=612816"}],"wp:term":[{"taxonomy":"product_brand","embeddable":true,"href":"https:\/\/lucacastelli.com\/fr\/wp-json\/wp\/v2\/product_brand?post=612816"},{"taxonomy":"product_cat","embeddable":true,"href":"https:\/\/lucacastelli.com\/fr\/wp-json\/wp\/v2\/product_cat?post=612816"},{"taxonomy":"product_tag","embeddable":true,"href":"https:\/\/lucacastelli.com\/fr\/wp-json\/wp\/v2\/product_tag?post=612816"}],"curies":[{"name":"wp","href":"https:\/\/api.w.org\/{rel}","templated":true}]}}