{"id":612809,"date":"2025-08-10T15:44:23","date_gmt":"2025-08-10T13:44:23","guid":{"rendered":"https:\/\/lucacastelli.com\/prodotto\/milwaukee-m18-lampe-de-chantier-a-led-avec-3-tetes-multidirectionnelles-a-batterie-courant\/"},"modified":"2025-08-10T15:44:23","modified_gmt":"2025-08-10T13:44:23","slug":"milwaukee-m18-lampe-de-chantier-a-led-avec-3-tetes-multidirectionnelles-a-batterie-courant","status":"publish","type":"product","link":"https:\/\/lucacastelli.com\/fr\/produit\/milwaukee-m18-lampe-de-chantier-a-led-avec-3-tetes-multidirectionnelles-a-batterie-courant\/","title":{"rendered":"Milwaukee M18 Lampe de chantier \u00e0 LED avec 3 t\u00eates multidirectionnelles \u00e0 batterie\/courant."},"content":{"rendered":"<p>M18 MDTL-0\/ILLUMINATION<br \/>\n4 500 lumens d&#8217;\u00e9clairage TRUEVIEW\u2122 haute d\u00e9finition : offre une pr\u00e9cision maximale des couleurs, un faisceau lumineux optimis\u00e9 et une repr\u00e9sentation fid\u00e8le des couleurs et des d\u00e9tails ;3 t\u00eates r\u00e9glables individuellement pour un \u00e9clairage plus ou moins cibl\u00e9 ;9 modes d&#8217;\u00e9clairage en fonction du nombre de t\u00eates allum\u00e9es et de leur luminosit\u00e9, de 1 200 \u00e0 4.500 lumens (3 \u00e0 11 heures d&#8217;autonomie avec la batterie M18 B5);Montage facile et polyvalent : base magn\u00e9tique, crochet int\u00e9gr\u00e9 et trous pour le clouer;Les t\u00eates pivotent jusqu&#8217;\u00e0 270 degr\u00e9s \u00e0 l&#8217;horizontale et 270 degr\u00e9s \u00e0 la verticale, pour diriger la lumi\u00e8re l\u00e0 o\u00f9 elle est n\u00e9cessaire;Poign\u00e9es lat\u00e9rales, qui servent \u00e0 faciliter le transport du projecteur et \u00e0 assurer une r\u00e9sistance maximale aux chutes;Projecteur de chantier durable. r\u00e9siste aux chutes de 2 m\u00e8tres et les t\u00eates se replient vers l&#8217;int\u00e9rieur lorsqu&#8217;il doit \u00eatre transport\u00e9, pour prot\u00e9ger les LED ;Fonctionne avec toutes les batteries Milwaukee M18 ;Fonctionnement hybride : batterie M18 ou courant.<\/p>\n<p>4933498149<br \/>\n4058546513092<\/p>\n","protected":false},"excerpt":{"rendered":"<p>M18 MDTL-0\/ILLUMINATION<\/p>\n","protected":false},"featured_media":587218,"template":"","meta":{"_seopress_robots_primary_cat":"","_seopress_titles_title":"","_seopress_titles_desc":"","_seopress_robots_index":""},"product_brand":[3407],"product_cat":[5531,29],"product_tag":[3270],"class_list":{"0":"post-612809","1":"product","2":"type-product","3":"status-publish","4":"has-post-thumbnail","6":"product_brand-milwaukee","7":"product_cat-vari-macchinari-milwaukee","8":"product_cat-macchinari","9":"product_tag-import-milwau","10":"sws-conto-ricavi-merci-rivendita-macchinari-fr","11":"sws-gruppo-iva-iva81-fr","13":"first","14":"onbackorder","15":"sale","16":"shipping-taxable","17":"purchasable","18":"product-type-simple"},"_links":{"self":[{"href":"https:\/\/lucacastelli.com\/fr\/wp-json\/wp\/v2\/product\/612809","targetHints":{"allow":["GET"]}}],"collection":[{"href":"https:\/\/lucacastelli.com\/fr\/wp-json\/wp\/v2\/product"}],"about":[{"href":"https:\/\/lucacastelli.com\/fr\/wp-json\/wp\/v2\/types\/product"}],"wp:featuredmedia":[{"embeddable":true,"href":"https:\/\/lucacastelli.com\/fr\/wp-json\/wp\/v2\/media\/587218"}],"wp:attachment":[{"href":"https:\/\/lucacastelli.com\/fr\/wp-json\/wp\/v2\/media?parent=612809"}],"wp:term":[{"taxonomy":"product_brand","embeddable":true,"href":"https:\/\/lucacastelli.com\/fr\/wp-json\/wp\/v2\/product_brand?post=612809"},{"taxonomy":"product_cat","embeddable":true,"href":"https:\/\/lucacastelli.com\/fr\/wp-json\/wp\/v2\/product_cat?post=612809"},{"taxonomy":"product_tag","embeddable":true,"href":"https:\/\/lucacastelli.com\/fr\/wp-json\/wp\/v2\/product_tag?post=612809"}],"curies":[{"name":"wp","href":"https:\/\/api.w.org\/{rel}","templated":true}]}}