{"id":612805,"date":"2025-08-10T15:44:24","date_gmt":"2025-08-10T13:44:24","guid":{"rendered":"https:\/\/lucacastelli.com\/prodotto\/milwaukee-m18-projecteur-a-led-avec-tete-directionnelle-ideal-pour-les-echafaudages\/"},"modified":"2025-08-10T15:44:24","modified_gmt":"2025-08-10T13:44:24","slug":"milwaukee-m18-projecteur-a-led-avec-tete-directionnelle-ideal-pour-les-echafaudages","status":"publish","type":"product","link":"https:\/\/lucacastelli.com\/fr\/produit\/milwaukee-m18-projecteur-a-led-avec-tete-directionnelle-ideal-pour-les-echafaudages\/","title":{"rendered":"Milwaukee M18 Projecteur \u00e0 LED avec t\u00eate directionnelle &#8211; id\u00e9al pour les \u00e9chafaudages."},"content":{"rendered":"<p>M18 PAL2-0\/\u00c9CLAIRAGE<br \/>\n2 000 lumens d&#8217;\u00e9clairage TRUEVIEW\u2122 haute d\u00e9finition : offre une pr\u00e9cision maximale des couleurs, un faisceau optimis\u00e9 et une repr\u00e9sentation fid\u00e8le des couleurs et des d\u00e9tails ;Jusqu&#8217;\u00e0 24 heures d&#8217;autonomie avec la batterie M18 B5 (6 heures \u00e0 pleine puissance) ;3 modes d&#8217;\u00e9clairage : 24 heures \u00e0 500 lumens, 12 heures \u00e0 1 000 lumens, 6 heures \u00e0 2 000 lumens ;7.La pince de 7. 5 cm \u00e0 l&#8217;avant permet de la fixer \u00e0 tout type d&#8217;\u00e9chafaudage, d&#8217;\u00e9chelle, tandis que la base magn\u00e9tique et la possibilit\u00e9 de la poser sur des surfaces planes la rendent polyvalente pour toutes les applications;Rotation de la t\u00eate de 359 degr\u00e9s \u00e0 l&#8217;horizontale et de 160 degr\u00e9s \u00e0 la verticale pour une polyvalence maximale dans l&#8217;orientation du faisceau;Fonctionne avec toutes les batteries Milwaukee\u00ae M18.<\/p>\n<p>4933493547<br \/>\n4058546484187<\/p>\n","protected":false},"excerpt":{"rendered":"<p>M18 PAL2-0\/\u00c9CLAIRAGE<\/p>\n","protected":false},"featured_media":586144,"template":"","meta":{"_seopress_robots_primary_cat":"","_seopress_titles_title":"","_seopress_titles_desc":"","_seopress_robots_index":""},"product_brand":[3407],"product_cat":[5531,29],"product_tag":[3270],"class_list":{"0":"post-612805","1":"product","2":"type-product","3":"status-publish","4":"has-post-thumbnail","6":"product_brand-milwaukee","7":"product_cat-vari-macchinari-milwaukee","8":"product_cat-macchinari","9":"product_tag-import-milwau","10":"sws-conto-ricavi-merci-rivendita-macchinari-fr","11":"sws-gruppo-iva-iva81-fr","13":"first","14":"onbackorder","15":"sale","16":"shipping-taxable","17":"purchasable","18":"product-type-simple"},"_links":{"self":[{"href":"https:\/\/lucacastelli.com\/fr\/wp-json\/wp\/v2\/product\/612805","targetHints":{"allow":["GET"]}}],"collection":[{"href":"https:\/\/lucacastelli.com\/fr\/wp-json\/wp\/v2\/product"}],"about":[{"href":"https:\/\/lucacastelli.com\/fr\/wp-json\/wp\/v2\/types\/product"}],"wp:featuredmedia":[{"embeddable":true,"href":"https:\/\/lucacastelli.com\/fr\/wp-json\/wp\/v2\/media\/586144"}],"wp:attachment":[{"href":"https:\/\/lucacastelli.com\/fr\/wp-json\/wp\/v2\/media?parent=612805"}],"wp:term":[{"taxonomy":"product_brand","embeddable":true,"href":"https:\/\/lucacastelli.com\/fr\/wp-json\/wp\/v2\/product_brand?post=612805"},{"taxonomy":"product_cat","embeddable":true,"href":"https:\/\/lucacastelli.com\/fr\/wp-json\/wp\/v2\/product_cat?post=612805"},{"taxonomy":"product_tag","embeddable":true,"href":"https:\/\/lucacastelli.com\/fr\/wp-json\/wp\/v2\/product_tag?post=612805"}],"curies":[{"name":"wp","href":"https:\/\/api.w.org\/{rel}","templated":true}]}}