{"id":612804,"date":"2025-08-10T14:52:09","date_gmt":"2025-08-10T12:52:09","guid":{"rendered":"https:\/\/lucacastelli.com\/prodotto\/milwaukee-longe-de-poignet-avec-boucle-2\/"},"modified":"2025-08-10T14:52:09","modified_gmt":"2025-08-10T12:52:09","slug":"milwaukee-longe-de-poignet-avec-boucle-2","status":"publish","type":"product","link":"https:\/\/lucacastelli.com\/fr\/produit\/milwaukee-longe-de-poignet-avec-boucle-2\/","title":{"rendered":"Milwaukee Longe de poignet avec boucle"},"content":{"rendered":"<p>QUICK-CONNECT WRIST LANYARD &#8211; 1PC<br \/>\nFixation s\u00fbre et confortable des outils au poignet;Ceinture souple et r\u00e9glable avec fermeture velcro &#8211; convient \u00e0 toutes les tailles de poignet;Mousqueton \u00e0 double verrouillage rapide pour fixer en toute s\u00e9curit\u00e9 tous les types d&#8217;outils : outils \u00e9lectriques, rubans, tournevis, etc;Facile \u00e0 utiliser lorsque les outils sont utilis\u00e9s en position verticale plus fr\u00e9quemment;Classification du poids par code couleur &#8211; identification facile de la capacit\u00e9 de maintien<\/p>\n<p>4932472108<br \/>\n4058546325046<\/p>\n","protected":false},"excerpt":{"rendered":"<p>CORDON DE POIGNET \u00c0 CONNEXION RAPIDE &#8211; 1PC<\/p>\n","protected":false},"featured_media":539008,"template":"","meta":{"_seopress_robots_primary_cat":"","_seopress_titles_title":"","_seopress_titles_desc":"","_seopress_robots_index":""},"product_brand":[3407],"product_cat":[5416,33],"product_tag":[3270],"class_list":{"0":"post-612804","1":"product","2":"type-product","3":"status-publish","4":"has-post-thumbnail","6":"product_brand-milwaukee","7":"product_cat-utensili-per-officina","8":"product_cat-attrezzature","9":"product_tag-import-milwau","10":"sws-conto-ricavi-merci-rivendita-macchinari-fr","11":"sws-gruppo-iva-iva81-fr","13":"first","14":"onbackorder","15":"sale","16":"shipping-taxable","17":"purchasable","18":"product-type-simple"},"_links":{"self":[{"href":"https:\/\/lucacastelli.com\/fr\/wp-json\/wp\/v2\/product\/612804","targetHints":{"allow":["GET"]}}],"collection":[{"href":"https:\/\/lucacastelli.com\/fr\/wp-json\/wp\/v2\/product"}],"about":[{"href":"https:\/\/lucacastelli.com\/fr\/wp-json\/wp\/v2\/types\/product"}],"wp:featuredmedia":[{"embeddable":true,"href":"https:\/\/lucacastelli.com\/fr\/wp-json\/wp\/v2\/media\/539008"}],"wp:attachment":[{"href":"https:\/\/lucacastelli.com\/fr\/wp-json\/wp\/v2\/media?parent=612804"}],"wp:term":[{"taxonomy":"product_brand","embeddable":true,"href":"https:\/\/lucacastelli.com\/fr\/wp-json\/wp\/v2\/product_brand?post=612804"},{"taxonomy":"product_cat","embeddable":true,"href":"https:\/\/lucacastelli.com\/fr\/wp-json\/wp\/v2\/product_cat?post=612804"},{"taxonomy":"product_tag","embeddable":true,"href":"https:\/\/lucacastelli.com\/fr\/wp-json\/wp\/v2\/product_tag?post=612804"}],"curies":[{"name":"wp","href":"https:\/\/api.w.org\/{rel}","templated":true}]}}