{"id":612801,"date":"2025-08-10T14:52:07","date_gmt":"2025-08-10T12:52:07","guid":{"rendered":"https:\/\/lucacastelli.com\/prodotto\/milwaukee-longe-de-poignet-avec-boucle\/"},"modified":"2025-08-10T14:52:07","modified_gmt":"2025-08-10T12:52:07","slug":"milwaukee-longe-de-poignet-avec-boucle","status":"publish","type":"product","link":"https:\/\/lucacastelli.com\/fr\/produit\/milwaukee-longe-de-poignet-avec-boucle\/","title":{"rendered":"Milwaukee Longe de poignet avec boucle"},"content":{"rendered":"<p>Ceinture pour poignet -1pcs<br \/>\nFixation s\u00fbre et confortable des instruments au poignet;Sangle souple et r\u00e9glable avec fermeture velcro &#8211; convient \u00e0 toutes les tailles de poignet;Boucle dans la sangle, pour fixer solidement tous les types d&#8217;outils : outils \u00e9lectriques, rubans, tournevis, etc.;Facile \u00e0 utiliser, lors de l&#8217;utilisation plus fr\u00e9quente d&#8217;outils en position sur\u00e9lev\u00e9e;Classification du poids par code couleur &#8211; identification facile de la capacit\u00e9 de maintien<\/p>\n<p>4932472107 4058546325039.<\/p>\n","protected":false},"excerpt":{"rendered":"<p>Bracelet ANTICADUTA -1pcs<\/p>\n","protected":false},"featured_media":538999,"template":"","meta":{"_seopress_robots_primary_cat":"","_seopress_titles_title":"","_seopress_titles_desc":"","_seopress_robots_index":""},"product_brand":[3407],"product_cat":[5416,33],"product_tag":[3270],"class_list":{"0":"post-612801","1":"product","2":"type-product","3":"status-publish","4":"has-post-thumbnail","6":"product_brand-milwaukee","7":"product_cat-utensili-per-officina","8":"product_cat-attrezzature","9":"product_tag-import-milwau","10":"sws-conto-ricavi-merci-rivendita-macchinari-fr","11":"sws-gruppo-iva-iva81-fr","13":"first","14":"onbackorder","15":"sale","16":"shipping-taxable","17":"purchasable","18":"product-type-simple"},"_links":{"self":[{"href":"https:\/\/lucacastelli.com\/fr\/wp-json\/wp\/v2\/product\/612801","targetHints":{"allow":["GET"]}}],"collection":[{"href":"https:\/\/lucacastelli.com\/fr\/wp-json\/wp\/v2\/product"}],"about":[{"href":"https:\/\/lucacastelli.com\/fr\/wp-json\/wp\/v2\/types\/product"}],"wp:featuredmedia":[{"embeddable":true,"href":"https:\/\/lucacastelli.com\/fr\/wp-json\/wp\/v2\/media\/538999"}],"wp:attachment":[{"href":"https:\/\/lucacastelli.com\/fr\/wp-json\/wp\/v2\/media?parent=612801"}],"wp:term":[{"taxonomy":"product_brand","embeddable":true,"href":"https:\/\/lucacastelli.com\/fr\/wp-json\/wp\/v2\/product_brand?post=612801"},{"taxonomy":"product_cat","embeddable":true,"href":"https:\/\/lucacastelli.com\/fr\/wp-json\/wp\/v2\/product_cat?post=612801"},{"taxonomy":"product_tag","embeddable":true,"href":"https:\/\/lucacastelli.com\/fr\/wp-json\/wp\/v2\/product_tag?post=612801"}],"curies":[{"name":"wp","href":"https:\/\/api.w.org\/{rel}","templated":true}]}}