{"id":612781,"date":"2025-08-10T08:37:07","date_gmt":"2025-08-10T06:37:07","guid":{"rendered":"https:\/\/lucacastelli.com\/prodotto\/milwaukee-cles-a-douilles-1-4%cb%9d-torx-8\/"},"modified":"2025-08-10T08:37:07","modified_gmt":"2025-08-10T06:37:07","slug":"milwaukee-cles-a-douilles-1-4%cb%9d-torx-8","status":"publish","type":"product","link":"https:\/\/lucacastelli.com\/fr\/produit\/milwaukee-cles-a-douilles-1-4%cb%9d-torx-8\/","title":{"rendered":"Milwaukee Cl\u00e9s \u00e0 douilles 1\/4\u02dd &#8211; Torx"},"content":{"rendered":"<p>Cl\u00e9 \u00e0 douille 1\/4 &#8211; T30<br \/>\nFOUR FLAT\u2122 conception de la douille emp\u00eache le roulement et la possibilit\u00e9 d&#8217;appliquer plus de force \u00e0 l&#8217;aide d&#8217;une cl\u00e9;Conception mince pour un meilleur acc\u00e8s dans les espaces restreints;Conception forg\u00e9e en une seule pi\u00e8ce augmente la durabilit\u00e9 dans les applications \u00e0 couple \u00e9lev\u00e9;Diam\u00e8tres emboutis pour une meilleure visibilit\u00e9 dans toutes les conditions de luminosit\u00e9<\/p>\n<p>4932480798<br \/>\n4058546410834.<\/p>\n","protected":false},"excerpt":{"rendered":"<p>CL\u00c9 \u00c0 DOUILLE 1\/4 &#8211; T30<\/p>\n","protected":false},"featured_media":553978,"template":"","meta":{"_seopress_robots_primary_cat":"","_seopress_titles_title":"","_seopress_titles_desc":"","_seopress_robots_index":""},"product_brand":[3407],"product_cat":[5416,33],"product_tag":[3270],"class_list":{"0":"post-612781","1":"product","2":"type-product","3":"status-publish","4":"has-post-thumbnail","6":"product_brand-milwaukee","7":"product_cat-utensili-per-officina","8":"product_cat-attrezzature","9":"product_tag-import-milwau","10":"sws-conto-ricavi-merci-rivendita-macchinari-fr","11":"sws-gruppo-iva-iva81-fr","13":"first","14":"onbackorder","15":"sale","16":"shipping-taxable","17":"purchasable","18":"product-type-simple"},"_links":{"self":[{"href":"https:\/\/lucacastelli.com\/fr\/wp-json\/wp\/v2\/product\/612781","targetHints":{"allow":["GET"]}}],"collection":[{"href":"https:\/\/lucacastelli.com\/fr\/wp-json\/wp\/v2\/product"}],"about":[{"href":"https:\/\/lucacastelli.com\/fr\/wp-json\/wp\/v2\/types\/product"}],"wp:featuredmedia":[{"embeddable":true,"href":"https:\/\/lucacastelli.com\/fr\/wp-json\/wp\/v2\/media\/553978"}],"wp:attachment":[{"href":"https:\/\/lucacastelli.com\/fr\/wp-json\/wp\/v2\/media?parent=612781"}],"wp:term":[{"taxonomy":"product_brand","embeddable":true,"href":"https:\/\/lucacastelli.com\/fr\/wp-json\/wp\/v2\/product_brand?post=612781"},{"taxonomy":"product_cat","embeddable":true,"href":"https:\/\/lucacastelli.com\/fr\/wp-json\/wp\/v2\/product_cat?post=612781"},{"taxonomy":"product_tag","embeddable":true,"href":"https:\/\/lucacastelli.com\/fr\/wp-json\/wp\/v2\/product_tag?post=612781"}],"curies":[{"name":"wp","href":"https:\/\/api.w.org\/{rel}","templated":true}]}}