{"id":612773,"date":"2025-08-10T08:36:56","date_gmt":"2025-08-10T06:36:56","guid":{"rendered":"https:\/\/lucacastelli.com\/prodotto\/milwaukee-cles-a-douille-1-4%cb%9d-hexagonales\/"},"modified":"2025-08-10T08:36:56","modified_gmt":"2025-08-10T06:36:56","slug":"milwaukee-cles-a-douille-1-4%cb%9d-hexagonales","status":"publish","type":"product","link":"https:\/\/lucacastelli.com\/fr\/produit\/milwaukee-cles-a-douille-1-4%cb%9d-hexagonales\/","title":{"rendered":"Milwaukee Cl\u00e9s \u00e0 douille 1\/4\u02dd &#8211; hexagonales"},"content":{"rendered":"<p>Cl\u00e9 \u00e0 douille 1\/4 &#8211; HEX 3mm<br \/>\nFOUR FLAT\u2122 conception de la douille emp\u00eache le roulement et la possibilit\u00e9 d&#8217;appliquer plus de force \u00e0 l&#8217;aide d&#8217;une cl\u00e9;Conception mince pour un meilleur acc\u00e8s dans les espaces restreints;Conception forg\u00e9e en une seule pi\u00e8ce augmente la durabilit\u00e9 dans les applications \u00e0 couple \u00e9lev\u00e9;Diam\u00e8tres moul\u00e9s pour une meilleure visibilit\u00e9 dans toutes les conditions de luminosit\u00e9<\/p>\n<p>4932480825<br \/>\n4058546411107.<\/p>\n","protected":false},"excerpt":{"rendered":"<p>COMPASS WRENCH 1\/4 &#8211; HEX 3mm<\/p>\n","protected":false},"featured_media":554131,"template":"","meta":{"_seopress_robots_primary_cat":"","_seopress_titles_title":"","_seopress_titles_desc":"","_seopress_robots_index":""},"product_brand":[3407],"product_cat":[5416,33],"product_tag":[3270],"class_list":{"0":"post-612773","1":"product","2":"type-product","3":"status-publish","4":"has-post-thumbnail","6":"product_brand-milwaukee","7":"product_cat-utensili-per-officina","8":"product_cat-attrezzature","9":"product_tag-import-milwau","10":"sws-conto-ricavi-merci-rivendita-macchinari-fr","11":"sws-gruppo-iva-iva81-fr","13":"first","14":"onbackorder","15":"sale","16":"shipping-taxable","17":"purchasable","18":"product-type-simple"},"_links":{"self":[{"href":"https:\/\/lucacastelli.com\/fr\/wp-json\/wp\/v2\/product\/612773","targetHints":{"allow":["GET"]}}],"collection":[{"href":"https:\/\/lucacastelli.com\/fr\/wp-json\/wp\/v2\/product"}],"about":[{"href":"https:\/\/lucacastelli.com\/fr\/wp-json\/wp\/v2\/types\/product"}],"wp:featuredmedia":[{"embeddable":true,"href":"https:\/\/lucacastelli.com\/fr\/wp-json\/wp\/v2\/media\/554131"}],"wp:attachment":[{"href":"https:\/\/lucacastelli.com\/fr\/wp-json\/wp\/v2\/media?parent=612773"}],"wp:term":[{"taxonomy":"product_brand","embeddable":true,"href":"https:\/\/lucacastelli.com\/fr\/wp-json\/wp\/v2\/product_brand?post=612773"},{"taxonomy":"product_cat","embeddable":true,"href":"https:\/\/lucacastelli.com\/fr\/wp-json\/wp\/v2\/product_cat?post=612773"},{"taxonomy":"product_tag","embeddable":true,"href":"https:\/\/lucacastelli.com\/fr\/wp-json\/wp\/v2\/product_tag?post=612773"}],"curies":[{"name":"wp","href":"https:\/\/api.w.org\/{rel}","templated":true}]}}