{"id":612770,"date":"2025-08-07T20:26:13","date_gmt":"2025-08-07T18:26:13","guid":{"rendered":"https:\/\/lucacastelli.com\/prodotto\/milwaukee-cles-a-poignee-en-t-avec-douille-hexagonale-articulee-16\/"},"modified":"2025-08-07T20:26:13","modified_gmt":"2025-08-07T18:26:13","slug":"milwaukee-cles-a-poignee-en-t-avec-douille-hexagonale-articulee-16","status":"publish","type":"product","link":"https:\/\/lucacastelli.com\/fr\/produit\/milwaukee-cles-a-poignee-en-t-avec-douille-hexagonale-articulee-16\/","title":{"rendered":"Milwaukee cl\u00e9s \u00e0 poign\u00e9e en T avec douille hexagonale articul\u00e9e."},"content":{"rendered":"<p>Cl\u00e9 \u00e0 poign\u00e9e en T avec douille hexagonale articul\u00e9e<br \/>\nCl\u00e9 \u00e0 poign\u00e9e en T DOUILLE HEXAGONALE 18 MM<br \/>\nDouille articul\u00e9e avec rotation jusqu&#8217;\u00e0 180 degr\u00e9s pour acc\u00e9der aux espaces les plus \u00e9troits;Poign\u00e9e coulissante pour un ajustement permettant d&#8217;appliquer plus de levier ou pour les espaces restreints;Douille profonde pour serrer les \u00e9crous avec des boulons plus longs<\/p>\n<p>4932492687<br \/>\n4058546475581<\/p>\n","protected":false},"excerpt":{"rendered":"<p>CL\u00c9 \u00c0 DOUILLE HEXAGONALE JOINTE 18 MM<\/p>\n","protected":false},"featured_media":557941,"template":"","meta":{"_seopress_robots_primary_cat":"","_seopress_titles_title":"","_seopress_titles_desc":"","_seopress_robots_index":""},"product_brand":[3407],"product_cat":[5416,33],"product_tag":[3270],"class_list":{"0":"post-612770","1":"product","2":"type-product","3":"status-publish","4":"has-post-thumbnail","6":"product_brand-milwaukee","7":"product_cat-utensili-per-officina","8":"product_cat-attrezzature","9":"product_tag-import-milwau","10":"sws-conto-ricavi-merci-rivendita-macchinari-fr","11":"sws-gruppo-iva-iva81-fr","13":"first","14":"onbackorder","15":"sale","16":"shipping-taxable","17":"purchasable","18":"product-type-simple"},"_links":{"self":[{"href":"https:\/\/lucacastelli.com\/fr\/wp-json\/wp\/v2\/product\/612770","targetHints":{"allow":["GET"]}}],"collection":[{"href":"https:\/\/lucacastelli.com\/fr\/wp-json\/wp\/v2\/product"}],"about":[{"href":"https:\/\/lucacastelli.com\/fr\/wp-json\/wp\/v2\/types\/product"}],"wp:featuredmedia":[{"embeddable":true,"href":"https:\/\/lucacastelli.com\/fr\/wp-json\/wp\/v2\/media\/557941"}],"wp:attachment":[{"href":"https:\/\/lucacastelli.com\/fr\/wp-json\/wp\/v2\/media?parent=612770"}],"wp:term":[{"taxonomy":"product_brand","embeddable":true,"href":"https:\/\/lucacastelli.com\/fr\/wp-json\/wp\/v2\/product_brand?post=612770"},{"taxonomy":"product_cat","embeddable":true,"href":"https:\/\/lucacastelli.com\/fr\/wp-json\/wp\/v2\/product_cat?post=612770"},{"taxonomy":"product_tag","embeddable":true,"href":"https:\/\/lucacastelli.com\/fr\/wp-json\/wp\/v2\/product_tag?post=612770"}],"curies":[{"name":"wp","href":"https:\/\/api.w.org\/{rel}","templated":true}]}}