{"id":612744,"date":"2025-08-07T20:26:06","date_gmt":"2025-08-07T18:26:06","guid":{"rendered":"https:\/\/lucacastelli.com\/prodotto\/milwaukee-cles-a-poignee-en-t-avec-douille-hexagonale-articulee-8\/"},"modified":"2025-08-07T20:26:06","modified_gmt":"2025-08-07T18:26:06","slug":"milwaukee-cles-a-poignee-en-t-avec-douille-hexagonale-articulee-8","status":"publish","type":"product","link":"https:\/\/lucacastelli.com\/fr\/produit\/milwaukee-cles-a-poignee-en-t-avec-douille-hexagonale-articulee-8\/","title":{"rendered":"Milwaukee cl\u00e9s \u00e0 poign\u00e9e en T avec douille hexagonale articul\u00e9e."},"content":{"rendered":"<p>Cl\u00e9s en T avec douille hexagonale articul\u00e9e<br \/>\nCl\u00e9s en T DOUILLE HEXAGONALE D\u00c9VERROUILL\u00c9E 21 MM<br \/>\nDouille articul\u00e9e pivotant jusqu&#8217;\u00e0 180 degr\u00e9s pour acc\u00e9der aux espaces les plus \u00e9troits;Poign\u00e9e coulissante permettant de l&#8217;ajuster pour appliquer plus de levier ou pour les espaces restreints;Douille profonde pour serrer les \u00e9crous avec des boulons plus longs<\/p>\n<p>4932492690<br \/>\n4058546475611<\/p>\n","protected":false},"excerpt":{"rendered":"<p>CL\u00c9 \u00c0 DOUILLE HEXAGONALE JOINTE 21 MM<\/p>\n","protected":false},"featured_media":557941,"template":"","meta":{"_seopress_robots_primary_cat":"","_seopress_titles_title":"","_seopress_titles_desc":"","_seopress_robots_index":""},"product_brand":[3407],"product_cat":[5416,33],"product_tag":[3270],"class_list":{"0":"post-612744","1":"product","2":"type-product","3":"status-publish","4":"has-post-thumbnail","6":"product_brand-milwaukee","7":"product_cat-utensili-per-officina","8":"product_cat-attrezzature","9":"product_tag-import-milwau","10":"sws-conto-ricavi-merci-rivendita-macchinari-fr","11":"sws-gruppo-iva-iva81-fr","13":"first","14":"onbackorder","15":"sale","16":"shipping-taxable","17":"purchasable","18":"product-type-simple"},"_links":{"self":[{"href":"https:\/\/lucacastelli.com\/fr\/wp-json\/wp\/v2\/product\/612744","targetHints":{"allow":["GET"]}}],"collection":[{"href":"https:\/\/lucacastelli.com\/fr\/wp-json\/wp\/v2\/product"}],"about":[{"href":"https:\/\/lucacastelli.com\/fr\/wp-json\/wp\/v2\/types\/product"}],"wp:featuredmedia":[{"embeddable":true,"href":"https:\/\/lucacastelli.com\/fr\/wp-json\/wp\/v2\/media\/557941"}],"wp:attachment":[{"href":"https:\/\/lucacastelli.com\/fr\/wp-json\/wp\/v2\/media?parent=612744"}],"wp:term":[{"taxonomy":"product_brand","embeddable":true,"href":"https:\/\/lucacastelli.com\/fr\/wp-json\/wp\/v2\/product_brand?post=612744"},{"taxonomy":"product_cat","embeddable":true,"href":"https:\/\/lucacastelli.com\/fr\/wp-json\/wp\/v2\/product_cat?post=612744"},{"taxonomy":"product_tag","embeddable":true,"href":"https:\/\/lucacastelli.com\/fr\/wp-json\/wp\/v2\/product_tag?post=612744"}],"curies":[{"name":"wp","href":"https:\/\/api.w.org\/{rel}","templated":true}]}}