{"id":612741,"date":"2025-08-10T08:47:29","date_gmt":"2025-08-10T06:47:29","guid":{"rendered":"https:\/\/lucacastelli.com\/prodotto\/milwaukee-cle-a-cliquet-avec-tete-articulee-de-3-8%cb%9d-2\/"},"modified":"2025-08-10T08:47:29","modified_gmt":"2025-08-10T06:47:29","slug":"milwaukee-cle-a-cliquet-avec-tete-articulee-de-3-8%cb%9d-2","status":"publish","type":"product","link":"https:\/\/lucacastelli.com\/fr\/produit\/milwaukee-cle-a-cliquet-avec-tete-articulee-de-3-8%cb%9d-2\/","title":{"rendered":"Milwaukee Cl\u00e9 \u00e0 cliquet avec t\u00eate articul\u00e9e de 3\/8\u02dd."},"content":{"rendered":"<p>T\u00eate \u00e0 cliquet 3\/8&#8221;<br \/>\nCliquet \u00e0 90 dents avec angle de cliquet de 4\u00b0;La t\u00eate \u00e0 cliquet se bloque \u00e0 9 angles diff\u00e9rents et peut se d\u00e9placer librement;La t\u00eate \u00e0 cliquet mince avec levier de direction affleurant offre une plus grande accessibilit\u00e9;La poign\u00e9e standard offre une plus grande profondeur tandis que la poign\u00e9e allong\u00e9e offre un plus grand effet de levier<\/p>\n<p>4932479652<br \/>\n4058546374464<\/p>\n","protected":false},"excerpt":{"rendered":"<p>CLIQUET 3\/8&#8221; T\u00caTE ARTICUL\u00c9E<\/p>\n","protected":false},"featured_media":544399,"template":"","meta":{"_seopress_robots_primary_cat":"","_seopress_titles_title":"","_seopress_titles_desc":"","_seopress_robots_index":""},"product_brand":[3407],"product_cat":[5416,33],"product_tag":[3270],"class_list":{"0":"post-612741","1":"product","2":"type-product","3":"status-publish","4":"has-post-thumbnail","6":"product_brand-milwaukee","7":"product_cat-utensili-per-officina","8":"product_cat-attrezzature","9":"product_tag-import-milwau","10":"sws-conto-ricavi-merci-rivendita-macchinari-fr","11":"sws-gruppo-iva-iva81-fr","13":"first","14":"onbackorder","15":"sale","16":"shipping-taxable","17":"purchasable","18":"product-type-simple"},"_links":{"self":[{"href":"https:\/\/lucacastelli.com\/fr\/wp-json\/wp\/v2\/product\/612741","targetHints":{"allow":["GET"]}}],"collection":[{"href":"https:\/\/lucacastelli.com\/fr\/wp-json\/wp\/v2\/product"}],"about":[{"href":"https:\/\/lucacastelli.com\/fr\/wp-json\/wp\/v2\/types\/product"}],"wp:featuredmedia":[{"embeddable":true,"href":"https:\/\/lucacastelli.com\/fr\/wp-json\/wp\/v2\/media\/544399"}],"wp:attachment":[{"href":"https:\/\/lucacastelli.com\/fr\/wp-json\/wp\/v2\/media?parent=612741"}],"wp:term":[{"taxonomy":"product_brand","embeddable":true,"href":"https:\/\/lucacastelli.com\/fr\/wp-json\/wp\/v2\/product_brand?post=612741"},{"taxonomy":"product_cat","embeddable":true,"href":"https:\/\/lucacastelli.com\/fr\/wp-json\/wp\/v2\/product_cat?post=612741"},{"taxonomy":"product_tag","embeddable":true,"href":"https:\/\/lucacastelli.com\/fr\/wp-json\/wp\/v2\/product_tag?post=612741"}],"curies":[{"name":"wp","href":"https:\/\/api.w.org\/{rel}","templated":true}]}}