{"id":612734,"date":"2025-08-10T08:47:26","date_gmt":"2025-08-10T06:47:26","guid":{"rendered":"https:\/\/lucacastelli.com\/prodotto\/milwaukee-1-2%cb%9d-cliquet-a-tete-articulee-2\/"},"modified":"2025-08-10T08:47:26","modified_gmt":"2025-08-10T06:47:26","slug":"milwaukee-1-2%cb%9d-cliquet-a-tete-articulee-2","status":"publish","type":"product","link":"https:\/\/lucacastelli.com\/fr\/produit\/milwaukee-1-2%cb%9d-cliquet-a-tete-articulee-2\/","title":{"rendered":"Milwaukee 1\/2\u02dd Cliquet \u00e0 t\u00eate articul\u00e9e"},"content":{"rendered":"<p>LONG WRICKET 1\/2&#8221; UNLOCKED HEAD<br \/>\nCliquet \u00e0 90 dents avec prise \u00e0 4\u00b0;La t\u00eate du cliquet se bloque \u00e0 11 angles diff\u00e9rents et peut se d\u00e9placer librement;La t\u00eate du cliquet mince avec levier de direction affleurant offre une plus grande accessibilit\u00e9;La poign\u00e9e standard offre une plus grande profondeur tandis que la poign\u00e9e allong\u00e9e offre un plus grand effet de levier<\/p>\n<p>4932479656<br \/>\n4058546374501<\/p>\n","protected":false},"excerpt":{"rendered":"<p>CLIQUET LONG 1\/2&#8221; T\u00caTE ARTICUL\u00c9E<\/p>\n","protected":false},"featured_media":544471,"template":"","meta":{"_seopress_robots_primary_cat":"","_seopress_titles_title":"","_seopress_titles_desc":"","_seopress_robots_index":""},"product_brand":[3407],"product_cat":[5416,33],"product_tag":[3270],"class_list":{"0":"post-612734","1":"product","2":"type-product","3":"status-publish","4":"has-post-thumbnail","6":"product_brand-milwaukee","7":"product_cat-utensili-per-officina","8":"product_cat-attrezzature","9":"product_tag-import-milwau","10":"sws-conto-ricavi-merci-rivendita-macchinari-fr","11":"sws-gruppo-iva-iva81-fr","13":"first","14":"onbackorder","15":"sale","16":"shipping-taxable","17":"purchasable","18":"product-type-simple"},"_links":{"self":[{"href":"https:\/\/lucacastelli.com\/fr\/wp-json\/wp\/v2\/product\/612734","targetHints":{"allow":["GET"]}}],"collection":[{"href":"https:\/\/lucacastelli.com\/fr\/wp-json\/wp\/v2\/product"}],"about":[{"href":"https:\/\/lucacastelli.com\/fr\/wp-json\/wp\/v2\/types\/product"}],"wp:featuredmedia":[{"embeddable":true,"href":"https:\/\/lucacastelli.com\/fr\/wp-json\/wp\/v2\/media\/544471"}],"wp:attachment":[{"href":"https:\/\/lucacastelli.com\/fr\/wp-json\/wp\/v2\/media?parent=612734"}],"wp:term":[{"taxonomy":"product_brand","embeddable":true,"href":"https:\/\/lucacastelli.com\/fr\/wp-json\/wp\/v2\/product_brand?post=612734"},{"taxonomy":"product_cat","embeddable":true,"href":"https:\/\/lucacastelli.com\/fr\/wp-json\/wp\/v2\/product_cat?post=612734"},{"taxonomy":"product_tag","embeddable":true,"href":"https:\/\/lucacastelli.com\/fr\/wp-json\/wp\/v2\/product_tag?post=612734"}],"curies":[{"name":"wp","href":"https:\/\/api.w.org\/{rel}","templated":true}]}}