{"id":612726,"date":"2025-08-10T08:47:23","date_gmt":"2025-08-10T06:47:23","guid":{"rendered":"https:\/\/lucacastelli.com\/prodotto\/milwaukee-m12-fuel-insider-cliquet-a-trous-traversants-2\/"},"modified":"2025-08-10T08:47:23","modified_gmt":"2025-08-10T06:47:23","slug":"milwaukee-m12-fuel-insider-cliquet-a-trous-traversants-2","status":"publish","type":"product","link":"https:\/\/lucacastelli.com\/fr\/produit\/milwaukee-m12-fuel-insider-cliquet-a-trous-traversants-2\/","title":{"rendered":"Milwaukee M12 FUEL Insider\u2122 cliquet \u00e0 trous traversants."},"content":{"rendered":"<p>Cl\u00e9 \u00e0 cliquet M12 FUEL Insider\u2122 \u00e0 trous traversants<br \/>\nM12FPTR-0 Cl\u00e9 \u00e0 cliquet.<br \/>\nCouple maximal de 80 Nm et vitesse maximale de 350 tr\/min, pour une combinaison optimale de puissance et de vitesse;Espace r\u00e9duit entre les cliquets aliment\u00e9s par batterie, pour un acc\u00e8s maximal dans les espaces restreints;T\u00eate longue pour un acc\u00e8s facile dans les espaces difficiles \u00e0 atteindre;Douilles pour boulons traversants (jusqu&#8217;\u00e0 la taille 15 mm) pour visser et d\u00e9visser les \u00e9crous sur les boulons de toute longueur;Comprend des douilles de 8 mm \u00e0 19 mm et une douille de 21 mm;Polyvalent comprend des adaptateurs de 1\/4 de pouce et de 3\/8 de pouce et des porte-embouts de 1\/4 de pouce;Interrupteur \u00e0 vitesse variable, pour un contr\u00f4le maximal;Poign\u00e9e en caoutchouc, r\u00e9siste \u00e0 une utilisation intensive et offre un maximum de confort;Indicateur d&#8217;\u00e9tat de charge de la batterie et double \u00e9clairage LED pour \u00e9clairer la zone de travail;La technologie FUEL red\u00e9finit les outils \u00e9lectriques sans fil. Le moteur sans balais, l&#8217;\u00e9lectronique REDLINK PLUS\u2122 et la batterie REDLITHIUM\u2122 offrent des performances et une durabilit\u00e9 sup\u00e9rieures;Fonctionne avec toutes les batteries M12\u2122 MILWAUKEEE\u00ae. <\/p>\n<p>4933499413<br \/>\n4058546565770<\/p>\n","protected":false},"excerpt":{"rendered":"<p>CL\u00c9 \u00c0 CLIQUET M12FPTR-0<\/p>\n","protected":false},"featured_media":593049,"template":"","meta":{"_seopress_robots_primary_cat":"","_seopress_titles_title":"","_seopress_titles_desc":"","_seopress_robots_index":""},"product_brand":[3407],"product_cat":[5416,33],"product_tag":[3270],"class_list":{"0":"post-612726","1":"product","2":"type-product","3":"status-publish","4":"has-post-thumbnail","6":"product_brand-milwaukee","7":"product_cat-utensili-per-officina","8":"product_cat-attrezzature","9":"product_tag-import-milwau","10":"sws-conto-ricavi-merci-rivendita-macchinari-fr","11":"sws-gruppo-iva-iva81-fr","13":"first","14":"onbackorder","15":"sale","16":"shipping-taxable","17":"purchasable","18":"product-type-simple"},"_links":{"self":[{"href":"https:\/\/lucacastelli.com\/fr\/wp-json\/wp\/v2\/product\/612726","targetHints":{"allow":["GET"]}}],"collection":[{"href":"https:\/\/lucacastelli.com\/fr\/wp-json\/wp\/v2\/product"}],"about":[{"href":"https:\/\/lucacastelli.com\/fr\/wp-json\/wp\/v2\/types\/product"}],"wp:featuredmedia":[{"embeddable":true,"href":"https:\/\/lucacastelli.com\/fr\/wp-json\/wp\/v2\/media\/593049"}],"wp:attachment":[{"href":"https:\/\/lucacastelli.com\/fr\/wp-json\/wp\/v2\/media?parent=612726"}],"wp:term":[{"taxonomy":"product_brand","embeddable":true,"href":"https:\/\/lucacastelli.com\/fr\/wp-json\/wp\/v2\/product_brand?post=612726"},{"taxonomy":"product_cat","embeddable":true,"href":"https:\/\/lucacastelli.com\/fr\/wp-json\/wp\/v2\/product_cat?post=612726"},{"taxonomy":"product_tag","embeddable":true,"href":"https:\/\/lucacastelli.com\/fr\/wp-json\/wp\/v2\/product_tag?post=612726"}],"curies":[{"name":"wp","href":"https:\/\/api.w.org\/{rel}","templated":true}]}}