{"id":612711,"date":"2025-08-10T08:47:19","date_gmt":"2025-08-10T06:47:19","guid":{"rendered":"https:\/\/lucacastelli.com\/prodotto\/milwaukee-a-cliquet\/"},"modified":"2025-08-10T08:47:19","modified_gmt":"2025-08-10T06:47:19","slug":"milwaukee-a-cliquet","status":"publish","type":"product","link":"https:\/\/lucacastelli.com\/fr\/produit\/milwaukee-a-cliquet\/","title":{"rendered":"Milwaukee \u00e0 cliquet"},"content":{"rendered":"<p>Micro cliquet 7in1<br \/>\nConception \u00e0 90 dents avec angle de r\u00e9traction de 4 degr\u00e9s pour une flexibilit\u00e9 m\u00eame dans les espaces restreints;Mini embouts PH1 \/ PH2 \/ SL 5.5 \/ TX15 pour un acc\u00e8s m\u00eame dans les espaces restreints;Adaptateur 1\/4 de pouce pour accueillir des douilles 1\/4 de pouce;Utilisation polyvalente gr\u00e2ce \u00e0 la douille 1\/4 de pouce d&#8217;un c\u00f4t\u00e9 et \u00e0 la douille 5\/16 de pouce de l&#8217;autre c\u00f4t\u00e9 de la t\u00eate du cliquet;Doigt polyvalent et \u0153illet de verrouillage pour un rangement facile et une prise en main s\u00fbre;Porte-embout amovible<\/p>\n<p>4932498792<br \/>\n4058546526610<\/p>\n","protected":false},"excerpt":{"rendered":"<p>Micro-cliquet 7in1<\/p>\n","protected":false},"featured_media":589361,"template":"","meta":{"_seopress_robots_primary_cat":"","_seopress_titles_title":"","_seopress_titles_desc":"","_seopress_robots_index":""},"product_brand":[3407],"product_cat":[5416,33],"product_tag":[3270],"class_list":{"0":"post-612711","1":"product","2":"type-product","3":"status-publish","4":"has-post-thumbnail","6":"product_brand-milwaukee","7":"product_cat-utensili-per-officina","8":"product_cat-attrezzature","9":"product_tag-import-milwau","10":"sws-conto-ricavi-merci-rivendita-macchinari-fr","11":"sws-gruppo-iva-iva81-fr","13":"first","14":"onbackorder","15":"sale","16":"shipping-taxable","17":"purchasable","18":"product-type-simple"},"_links":{"self":[{"href":"https:\/\/lucacastelli.com\/fr\/wp-json\/wp\/v2\/product\/612711","targetHints":{"allow":["GET"]}}],"collection":[{"href":"https:\/\/lucacastelli.com\/fr\/wp-json\/wp\/v2\/product"}],"about":[{"href":"https:\/\/lucacastelli.com\/fr\/wp-json\/wp\/v2\/types\/product"}],"wp:featuredmedia":[{"embeddable":true,"href":"https:\/\/lucacastelli.com\/fr\/wp-json\/wp\/v2\/media\/589361"}],"wp:attachment":[{"href":"https:\/\/lucacastelli.com\/fr\/wp-json\/wp\/v2\/media?parent=612711"}],"wp:term":[{"taxonomy":"product_brand","embeddable":true,"href":"https:\/\/lucacastelli.com\/fr\/wp-json\/wp\/v2\/product_brand?post=612711"},{"taxonomy":"product_cat","embeddable":true,"href":"https:\/\/lucacastelli.com\/fr\/wp-json\/wp\/v2\/product_cat?post=612711"},{"taxonomy":"product_tag","embeddable":true,"href":"https:\/\/lucacastelli.com\/fr\/wp-json\/wp\/v2\/product_tag?post=612711"}],"curies":[{"name":"wp","href":"https:\/\/api.w.org\/{rel}","templated":true}]}}