{"id":612706,"date":"2025-08-10T08:47:18","date_gmt":"2025-08-10T06:47:18","guid":{"rendered":"https:\/\/lucacastelli.com\/prodotto\/milwaukee-1-4%cb%9d-cliquets-2\/"},"modified":"2025-08-10T08:47:18","modified_gmt":"2025-08-10T06:47:18","slug":"milwaukee-1-4%cb%9d-cliquets-2","status":"publish","type":"product","link":"https:\/\/lucacastelli.com\/fr\/produit\/milwaukee-1-4%cb%9d-cliquets-2\/","title":{"rendered":"Milwaukee 1\/4\u02dd Cliquets"},"content":{"rendered":"<p>LONGUE ROCHETTE DE 1\/4 po<br \/>\nCliquet \u00e0 90 dents avec 4 degr\u00e9s de r\u00e9cup\u00e9ration de l&#8217;arc pour une accessibilit\u00e9 maximale dans les espaces restreints;T\u00eate mince avec levier de direction affleurant offrant une meilleure accessibilit\u00e9 dans les espaces restreints<\/p>\n<p>4932479647<br \/>\n4058546374419<\/p>\n","protected":false},"excerpt":{"rendered":"<p>CL\u00c9 \u00c0 CLIQUET 1\/4&#8221; LONG<\/p>\n","protected":false},"featured_media":544334,"template":"","meta":{"_seopress_robots_primary_cat":"","_seopress_titles_title":"","_seopress_titles_desc":"","_seopress_robots_index":""},"product_brand":[3407],"product_cat":[5416,33],"product_tag":[3270],"class_list":{"0":"post-612706","1":"product","2":"type-product","3":"status-publish","4":"has-post-thumbnail","6":"product_brand-milwaukee","7":"product_cat-utensili-per-officina","8":"product_cat-attrezzature","9":"product_tag-import-milwau","10":"sws-conto-ricavi-merci-rivendita-macchinari-fr","11":"sws-gruppo-iva-iva81-fr","13":"first","14":"onbackorder","15":"sale","16":"shipping-taxable","17":"purchasable","18":"product-type-simple"},"_links":{"self":[{"href":"https:\/\/lucacastelli.com\/fr\/wp-json\/wp\/v2\/product\/612706","targetHints":{"allow":["GET"]}}],"collection":[{"href":"https:\/\/lucacastelli.com\/fr\/wp-json\/wp\/v2\/product"}],"about":[{"href":"https:\/\/lucacastelli.com\/fr\/wp-json\/wp\/v2\/types\/product"}],"wp:featuredmedia":[{"embeddable":true,"href":"https:\/\/lucacastelli.com\/fr\/wp-json\/wp\/v2\/media\/544334"}],"wp:attachment":[{"href":"https:\/\/lucacastelli.com\/fr\/wp-json\/wp\/v2\/media?parent=612706"}],"wp:term":[{"taxonomy":"product_brand","embeddable":true,"href":"https:\/\/lucacastelli.com\/fr\/wp-json\/wp\/v2\/product_brand?post=612706"},{"taxonomy":"product_cat","embeddable":true,"href":"https:\/\/lucacastelli.com\/fr\/wp-json\/wp\/v2\/product_cat?post=612706"},{"taxonomy":"product_tag","embeddable":true,"href":"https:\/\/lucacastelli.com\/fr\/wp-json\/wp\/v2\/product_tag?post=612706"}],"curies":[{"name":"wp","href":"https:\/\/api.w.org\/{rel}","templated":true}]}}