{"id":612619,"date":"2025-08-07T06:27:26","date_gmt":"2025-08-07T04:27:26","guid":{"rendered":"https:\/\/lucacastelli.com\/prodotto\/milwaukee-109-kn-m18-force-logic-sertisseuse-hydraulique\/"},"modified":"2026-04-16T02:34:03","modified_gmt":"2026-04-16T00:34:03","slug":"milwaukee-109-kn-m18-force-logic-sertisseuse-hydraulique","status":"publish","type":"product","link":"https:\/\/lucacastelli.com\/fr\/produit\/milwaukee-109-kn-m18-force-logic-sertisseuse-hydraulique\/","title":{"rendered":"MILWAUKEE Pince \u00e0 sertir hydraulique 109 kN M18\u2122 FORCE LOGIC\u2122"},"content":{"rendered":"<p>M18 HCCT109\/42-522C\/UT DE SECTEUR<br \/>\nOutil plus l\u00e9ger et \u00e9quilibr\u00e9 avec poign\u00e9e ergonomique ; Les rep\u00e8res d&#8217;alignement rouges sur les m\u00e2choires de l&#8217;outil aident \u00e0 \u00eatre plus pr\u00e9cis lors du positionnement ; Les composants \u00e9lectroniques \u00e9tanches r\u00e9sistent aux environnements difficiles avec salet\u00e9, poussi\u00e8re et humidit\u00e9 ; L&#8217;ouverture des m\u00e2choires de 42 mm et la rotation de la t\u00eate \u00e0 350\u00b0 permettent un acc\u00e8s facile aux espaces \u00e9troits ; Connecteurs pour pince \u00e0 sertir avec 109 kN de force ; PFM\u2122 (surveillance de la force) le syst\u00e8me automatique de surveillance de la force garantit la pleine pression et fournit une v\u00e9rification imm\u00e9diate de la pression avec l&#8217;indicateur vert ; Permet des connexions jusqu&#8217;\u00e0 400 mm\u00b2 ; Fixation de matrices universelle qui s&#8217;adapte aux matrices U les plus courantes sur le march\u00e9 (matrices en forme de C) ; L&#8217;outil enregistre et archive chaque sertissage effectu\u00e9 pour la cr\u00e9ation de rapports via l&#8217;application ONE-KEY\u2122 ; Le syst\u00e8me ONE-KEY\u2122 Tracking &amp; Security offre gratuitement un service de tra\u00e7abilit\u00e9 et de gestion d&#8217;inventaire bas\u00e9 sur le cloud, disposant \u00e9galement de fonctionnalit\u00e9s de verrouillage \u00e0 distance ; Le syst\u00e8me contr\u00f4le automatiquement si la batterie a suffisamment de charge pour effectuer le sertissage ; Le moteur brushless, l&#8217;\u00e9lectronique REDLINK PLUS\u2122 et le pack de batteries REDLITHIUM\u2122 offrent des performances et une durabilit\u00e9 sup\u00e9rieures ; Fonctionne avec toutes les batteries M18\u2122 MILWAUKEE\u00ae<\/p>\n<p>4933459273<br \/>\n4058546002398<\/p>\n","protected":false},"excerpt":{"rendered":"<p>M18 HCCT109\/42-522C\/UT DE SECTEUR<\/p>\n","protected":false},"featured_media":572214,"template":"","meta":{"_seopress_robots_primary_cat":"","_seopress_titles_title":"","_seopress_titles_desc":"","_seopress_robots_index":""},"product_brand":[3407],"product_cat":[5531,29,491,514],"product_tag":[3270],"class_list":{"0":"post-612619","1":"product","2":"type-product","3":"status-publish","4":"has-post-thumbnail","6":"product_brand-milwaukee","7":"product_cat-vari-macchinari-milwaukee","8":"product_cat-macchinari","9":"product_cat-accessori-sistemi-a-batteria","10":"product_cat-altri-dispositivi","11":"product_tag-import-milwau","12":"sws-conto-ricavi-merci-rivendita-macchinari-fr","13":"sws-gruppo-iva-iva81-fr","15":"first","16":"onbackorder","17":"sale","18":"shipping-taxable","19":"purchasable","20":"product-type-simple"},"_links":{"self":[{"href":"https:\/\/lucacastelli.com\/fr\/wp-json\/wp\/v2\/product\/612619","targetHints":{"allow":["GET"]}}],"collection":[{"href":"https:\/\/lucacastelli.com\/fr\/wp-json\/wp\/v2\/product"}],"about":[{"href":"https:\/\/lucacastelli.com\/fr\/wp-json\/wp\/v2\/types\/product"}],"wp:featuredmedia":[{"embeddable":true,"href":"https:\/\/lucacastelli.com\/fr\/wp-json\/wp\/v2\/media\/572214"}],"wp:attachment":[{"href":"https:\/\/lucacastelli.com\/fr\/wp-json\/wp\/v2\/media?parent=612619"}],"wp:term":[{"taxonomy":"product_brand","embeddable":true,"href":"https:\/\/lucacastelli.com\/fr\/wp-json\/wp\/v2\/product_brand?post=612619"},{"taxonomy":"product_cat","embeddable":true,"href":"https:\/\/lucacastelli.com\/fr\/wp-json\/wp\/v2\/product_cat?post=612619"},{"taxonomy":"product_tag","embeddable":true,"href":"https:\/\/lucacastelli.com\/fr\/wp-json\/wp\/v2\/product_tag?post=612619"}],"curies":[{"name":"wp","href":"https:\/\/api.w.org\/{rel}","templated":true}]}}