{"id":612616,"date":"2025-08-07T06:27:52","date_gmt":"2025-08-07T04:27:52","guid":{"rendered":"https:\/\/lucacastelli.com\/prodotto\/milwaukee-m18-force-logic-sertisseuse-hydraulique-sans-matrice\/"},"modified":"2025-08-07T06:27:52","modified_gmt":"2025-08-07T04:27:52","slug":"milwaukee-m18-force-logic-sertisseuse-hydraulique-sans-matrice","status":"publish","type":"product","link":"https:\/\/lucacastelli.com\/fr\/produit\/milwaukee-m18-force-logic-sertisseuse-hydraulique-sans-matrice\/","title":{"rendered":"Milwaukee M18 FORCE LOGIC\u2122 sertisseuse hydraulique sans matrice"},"content":{"rendered":"<p>M18 HDCT-202C \/UT SECTEUR<br \/>\nLa pince \u00e0 sertir M18 FORCE LOGIC\u2122 HDCT est capable de sertir des cosses de 10 \u00e0 300 mm\u00b2, sans qu&#8217;il soit n\u00e9cessaire de changer les matrices de sertissage.Le syst\u00e8me d\u00e9tecte automatiquement la taille de la cosse \u00e0 sertir, de sorte qu&#8217;il d\u00e9livre toujours la bonne pression pour un sertissage plus net et plus pr\u00e9cis ;Le syst\u00e8me PFM\u2122 garantit toujours la pression correcte, en alertant l&#8217;utilisateur si ce n&#8217;est pas le cas;Le syst\u00e8me ONE-KEY\u2122 int\u00e9gr\u00e9 permet \u00e0 l&#8217;utilisateur d&#8217;enregistrer et de conserver les sertissages effectu\u00e9s dans un rapport;Le syst\u00e8me v\u00e9rifie automatiquement l&#8217;\u00e9tat de charge de la batterie avant d&#8217;effectuer un sertissage;Jusqu&#8217;\u00e0 90 sertissages avec une batterie de 2.0 Ah M18 REDLITHIUM\u2122;Les composants \u00e9lectroniques isol\u00e9s prot\u00e8gent contre les environnements les plus difficiles;Compatible avec toutes les batteries Milwaukee M18.<\/p>\n<p>4933471950<br \/>\n4058546298494<\/p>\n","protected":false},"excerpt":{"rendered":"<p>M18 HDCT-202C \/UT SECTEUR<\/p>\n","protected":false},"featured_media":575141,"template":"","meta":{"_seopress_robots_primary_cat":"","_seopress_titles_title":"","_seopress_titles_desc":"","_seopress_robots_index":""},"product_brand":[3658],"product_cat":[5532,167,1450],"product_tag":[3273],"class_list":{"0":"post-612616","1":"product","2":"type-product","3":"status-publish","4":"has-post-thumbnail","6":"product_brand-milwaukee-fr","7":"product_cat-diverses-machines-milwaukee","8":"product_cat-machines","9":"product_cat-systemes-de-batteries-accessoires","10":"product_tag-import-milwau-fr","11":"sws-conto-ricavi-merci-rivendita-macchinari-fr","12":"sws-gruppo-iva-iva81-fr","14":"first","15":"onbackorder","16":"sale","17":"shipping-taxable","18":"purchasable","19":"product-type-simple"},"_links":{"self":[{"href":"https:\/\/lucacastelli.com\/fr\/wp-json\/wp\/v2\/product\/612616","targetHints":{"allow":["GET"]}}],"collection":[{"href":"https:\/\/lucacastelli.com\/fr\/wp-json\/wp\/v2\/product"}],"about":[{"href":"https:\/\/lucacastelli.com\/fr\/wp-json\/wp\/v2\/types\/product"}],"wp:featuredmedia":[{"embeddable":true,"href":"https:\/\/lucacastelli.com\/fr\/wp-json\/wp\/v2\/media\/575141"}],"wp:attachment":[{"href":"https:\/\/lucacastelli.com\/fr\/wp-json\/wp\/v2\/media?parent=612616"}],"wp:term":[{"taxonomy":"product_brand","embeddable":true,"href":"https:\/\/lucacastelli.com\/fr\/wp-json\/wp\/v2\/product_brand?post=612616"},{"taxonomy":"product_cat","embeddable":true,"href":"https:\/\/lucacastelli.com\/fr\/wp-json\/wp\/v2\/product_cat?post=612616"},{"taxonomy":"product_tag","embeddable":true,"href":"https:\/\/lucacastelli.com\/fr\/wp-json\/wp\/v2\/product_tag?post=612616"}],"curies":[{"name":"wp","href":"https:\/\/api.w.org\/{rel}","templated":true}]}}