{"id":612613,"date":"2025-08-07T06:26:56","date_gmt":"2025-08-07T04:26:56","guid":{"rendered":"https:\/\/lucacastelli.com\/prodotto\/milwaukee-53-kn-m18-force-logic-sertisseuse-hydraulique\/"},"modified":"2025-08-07T06:26:56","modified_gmt":"2025-08-07T04:26:56","slug":"milwaukee-53-kn-m18-force-logic-sertisseuse-hydraulique","status":"publish","type":"product","link":"https:\/\/lucacastelli.com\/fr\/produit\/milwaukee-53-kn-m18-force-logic-sertisseuse-hydraulique\/","title":{"rendered":"Milwaukee 53 kN M18 FORCE LOGIC\u2122 sertisseuse hydraulique"},"content":{"rendered":"<p>M18 HCCT-201C\/UT SECTEUR<br \/>\nFORCE LOGIC\u2122 outil de sertissage pour des connexions en moins de 3 secondes avec une force de 53kN;La m\u00e2choire r\u00e9volutionnaire maintient le connecteur pour un meilleur alignement du c\u00e2ble et du connecteur;Solution 2 en 1 : la m\u00e2choire de sertissage peut \u00eatre remplac\u00e9e par une m\u00e2choire de coupe de c\u00e2ble CU \/ AL;L&#8217;outil est l\u00e9ger et bien \u00e9quilibr\u00e9, ce qui permet de l&#8217;utiliser d&#8217;une seule main;Conception compacte et fine de la m\u00e2choire avec une t\u00eate rotative \u00e0 350\u00b0 qui permet un pliage facile, m\u00eame dans les espaces restreints;Syst\u00e8me innovant PFM\u2122 (Predictive Force Monitoring) : modifie automatiquement la pression exerc\u00e9e sur le connecteur pour assurer une pression optimale \u00e0 chaque application, en l&#8217;affichant \u00e0 l&#8217;aide d&#8217;un voyant vert;Permet des connexions allant jusqu&#8217;\u00e0 300 mm\u00b2 sur le cuivre et 150 mm\u00b2 sur l&#8217;aluminium;Pince \u00e0 fili\u00e8re universelle qui s&#8217;adapte aux fili\u00e8res en U de 60 kN les plus courantes sur le march\u00e9 (fili\u00e8res en forme de C);Stockage du serrage effectu\u00e9 : La technologie ONE-KEY\u2122 permet d&#8217;\u00e9tablir des rapports professionnels via l&#8217;adaptateur ONE-KEY\u2122 ou via l&#8217;appli ONE-KEY\u2122;Le syst\u00e8me de suivi et de s\u00e9curit\u00e9 ONE-KEY\u2122 offre un suivi et une gestion des stocks gratuits bas\u00e9s sur le cloud, et dispose \u00e9galement d&#8217;une fonctionnalit\u00e9 de verrouillage \u00e0 distance;L&#8217;\u00e9lectronique garantit des r\u00e9sultats optimaux dans l&#8217;environnement de travail normal, m\u00eame dans des conditions humides;Communication outil-batterie : le sertissage ne d\u00e9marre pas en cas de charge trop faible de la batterie, pour \u00e9viter un r\u00e9sultat incomplet;Le moteur sans balais, l&#8217;\u00e9lectronique REDLINK PLUS\u2122 et le bloc-batterie REDLITHIUM\u2122 offrent des performances et une durabilit\u00e9 sup\u00e9rieures;Fonctionne avec toutes les batteries M18 MILWAUKEEE\u00ae.<\/p>\n<p>4933451194<br \/>\n4002395138821<\/p>\n","protected":false},"excerpt":{"rendered":"<p>M18 HCCT-201C\/UT SECTEUR<\/p>\n","protected":false},"featured_media":571247,"template":"","meta":{"_seopress_robots_primary_cat":"","_seopress_titles_title":"","_seopress_titles_desc":"","_seopress_robots_index":""},"product_brand":[3658],"product_cat":[5532,167,1450],"product_tag":[3273],"class_list":{"0":"post-612613","1":"product","2":"type-product","3":"status-publish","4":"has-post-thumbnail","6":"product_brand-milwaukee-fr","7":"product_cat-diverses-machines-milwaukee","8":"product_cat-machines","9":"product_cat-systemes-de-batteries-accessoires","10":"product_tag-import-milwau-fr","11":"sws-conto-ricavi-merci-rivendita-macchinari-fr","12":"sws-gruppo-iva-iva81-fr","14":"first","15":"onbackorder","16":"sale","17":"shipping-taxable","18":"purchasable","19":"product-type-simple"},"_links":{"self":[{"href":"https:\/\/lucacastelli.com\/fr\/wp-json\/wp\/v2\/product\/612613","targetHints":{"allow":["GET"]}}],"collection":[{"href":"https:\/\/lucacastelli.com\/fr\/wp-json\/wp\/v2\/product"}],"about":[{"href":"https:\/\/lucacastelli.com\/fr\/wp-json\/wp\/v2\/types\/product"}],"wp:featuredmedia":[{"embeddable":true,"href":"https:\/\/lucacastelli.com\/fr\/wp-json\/wp\/v2\/media\/571247"}],"wp:attachment":[{"href":"https:\/\/lucacastelli.com\/fr\/wp-json\/wp\/v2\/media?parent=612613"}],"wp:term":[{"taxonomy":"product_brand","embeddable":true,"href":"https:\/\/lucacastelli.com\/fr\/wp-json\/wp\/v2\/product_brand?post=612613"},{"taxonomy":"product_cat","embeddable":true,"href":"https:\/\/lucacastelli.com\/fr\/wp-json\/wp\/v2\/product_cat?post=612613"},{"taxonomy":"product_tag","embeddable":true,"href":"https:\/\/lucacastelli.com\/fr\/wp-json\/wp\/v2\/product_tag?post=612613"}],"curies":[{"name":"wp","href":"https:\/\/api.w.org\/{rel}","templated":true}]}}