{"id":612495,"date":"2025-08-10T08:37:53","date_gmt":"2025-08-10T06:37:53","guid":{"rendered":"https:\/\/lucacastelli.com\/prodotto\/milwaukee-cles-a-douille-%c2%bd%e2%80%b3-torx-2\/"},"modified":"2025-08-10T08:37:53","modified_gmt":"2025-08-10T06:37:53","slug":"milwaukee-cles-a-douille-%c2%bd%e2%80%b3-torx-2","status":"publish","type":"product","link":"https:\/\/lucacastelli.com\/fr\/produit\/milwaukee-cles-a-douille-%c2%bd%e2%80%b3-torx-2\/","title":{"rendered":"Milwaukee Cl\u00e9s \u00e0 douille \u00bd\u2033 &#8211; Torx"},"content":{"rendered":"<p>Douille \u00e0 embout Torx 1\/2in Drive T20<br \/>\nFOUR FLAT\u2122 Conception pour l&#8217;insertion des cl\u00e9s de serrage;Conception fine pour un acc\u00e8s id\u00e9al dans les espaces de construction restreints;La m\u00e9thode de production en une seule pi\u00e8ce augmente la r\u00e9sistance dans les applications \u00e0 couple \u00e9lev\u00e9;Dimensions moul\u00e9es pour une reconnaissance plus facile de l&#8217;outil<\/p>\n<p>4932480812<br \/>\n4058546410971.<\/p>\n","protected":false},"excerpt":{"rendered":"<p>Douille \u00e0 embout Torx T20 \u00e0 entra\u00eenement 1\/2in<\/p>\n","protected":false},"featured_media":554066,"template":"","meta":{"_seopress_robots_primary_cat":"","_seopress_titles_title":"","_seopress_titles_desc":"","_seopress_robots_index":""},"product_brand":[3658],"product_cat":[5417,144],"product_tag":[3270],"class_list":{"0":"post-612495","1":"product","2":"type-product","3":"status-publish","4":"has-post-thumbnail","6":"product_brand-milwaukee-fr","7":"product_cat-outils-pour-atelier","8":"product_cat-equipement","9":"product_tag-import-milwau","10":"sws-conto-ricavi-merci-rivendita-macchinari-fr","11":"sws-gruppo-iva-iva81-fr","13":"first","14":"onbackorder","15":"sale","16":"shipping-taxable","17":"purchasable","18":"product-type-simple"},"_links":{"self":[{"href":"https:\/\/lucacastelli.com\/fr\/wp-json\/wp\/v2\/product\/612495","targetHints":{"allow":["GET"]}}],"collection":[{"href":"https:\/\/lucacastelli.com\/fr\/wp-json\/wp\/v2\/product"}],"about":[{"href":"https:\/\/lucacastelli.com\/fr\/wp-json\/wp\/v2\/types\/product"}],"wp:featuredmedia":[{"embeddable":true,"href":"https:\/\/lucacastelli.com\/fr\/wp-json\/wp\/v2\/media\/554066"}],"wp:attachment":[{"href":"https:\/\/lucacastelli.com\/fr\/wp-json\/wp\/v2\/media?parent=612495"}],"wp:term":[{"taxonomy":"product_brand","embeddable":true,"href":"https:\/\/lucacastelli.com\/fr\/wp-json\/wp\/v2\/product_brand?post=612495"},{"taxonomy":"product_cat","embeddable":true,"href":"https:\/\/lucacastelli.com\/fr\/wp-json\/wp\/v2\/product_cat?post=612495"},{"taxonomy":"product_tag","embeddable":true,"href":"https:\/\/lucacastelli.com\/fr\/wp-json\/wp\/v2\/product_tag?post=612495"}],"curies":[{"name":"wp","href":"https:\/\/api.w.org\/{rel}","templated":true}]}}