{"id":612460,"date":"2025-08-10T08:37:22","date_gmt":"2025-08-10T06:37:22","guid":{"rendered":"https:\/\/lucacastelli.com\/prodotto\/milwaukee-cles-a-douille-%c2%bd%e2%80%b3-hexagonales-2\/"},"modified":"2025-08-10T08:37:22","modified_gmt":"2025-08-10T06:37:22","slug":"milwaukee-cles-a-douille-%c2%bd%e2%80%b3-hexagonales-2","status":"publish","type":"product","link":"https:\/\/lucacastelli.com\/fr\/produit\/milwaukee-cles-a-douille-%c2%bd%e2%80%b3-hexagonales-2\/","title":{"rendered":"Milwaukee Cl\u00e9s \u00e0 douille \u00bd\u2033 &#8211; hexagonales"},"content":{"rendered":"<p>1\/2in Drive 4mm Hex Bit Socket<br \/>\nFOUR FLAT\u2122 Design pour l&#8217;insertion des cl\u00e9s de serrage;Design fin pour un acc\u00e8s id\u00e9al dans les espaces de construction restreints;La m\u00e9thode de production en une seule pi\u00e8ce augmente la r\u00e9sistance dans les applications \u00e0 couple \u00e9lev\u00e9;Dimensions moul\u00e9es pour une reconnaissance plus facile de l&#8217;outil<\/p>\n<p>4932480842<br \/>\n4058546411275.<\/p>\n","protected":false},"excerpt":{"rendered":"<p>Douille \u00e0 embout hexagonal de 4 mm avec entra\u00eenement de 1\/2 po<\/p>\n","protected":false},"featured_media":554224,"template":"","meta":{"_seopress_robots_primary_cat":"","_seopress_titles_title":"","_seopress_titles_desc":"","_seopress_robots_index":""},"product_brand":[3658],"product_cat":[144,5417],"product_tag":[3273],"class_list":{"0":"post-612460","1":"product","2":"type-product","3":"status-publish","4":"has-post-thumbnail","6":"product_brand-milwaukee-fr","7":"product_cat-equipement","8":"product_cat-outils-pour-atelier","9":"product_tag-import-milwau-fr","10":"sws-conto-ricavi-merci-rivendita-macchinari-fr","11":"sws-gruppo-iva-iva81-fr","13":"first","14":"onbackorder","15":"sale","16":"shipping-taxable","17":"purchasable","18":"product-type-simple"},"_links":{"self":[{"href":"https:\/\/lucacastelli.com\/fr\/wp-json\/wp\/v2\/product\/612460","targetHints":{"allow":["GET"]}}],"collection":[{"href":"https:\/\/lucacastelli.com\/fr\/wp-json\/wp\/v2\/product"}],"about":[{"href":"https:\/\/lucacastelli.com\/fr\/wp-json\/wp\/v2\/types\/product"}],"wp:featuredmedia":[{"embeddable":true,"href":"https:\/\/lucacastelli.com\/fr\/wp-json\/wp\/v2\/media\/554224"}],"wp:attachment":[{"href":"https:\/\/lucacastelli.com\/fr\/wp-json\/wp\/v2\/media?parent=612460"}],"wp:term":[{"taxonomy":"product_brand","embeddable":true,"href":"https:\/\/lucacastelli.com\/fr\/wp-json\/wp\/v2\/product_brand?post=612460"},{"taxonomy":"product_cat","embeddable":true,"href":"https:\/\/lucacastelli.com\/fr\/wp-json\/wp\/v2\/product_cat?post=612460"},{"taxonomy":"product_tag","embeddable":true,"href":"https:\/\/lucacastelli.com\/fr\/wp-json\/wp\/v2\/product_tag?post=612460"}],"curies":[{"name":"wp","href":"https:\/\/api.w.org\/{rel}","templated":true}]}}