{"id":612437,"date":"2025-08-10T08:46:46","date_gmt":"2025-08-10T06:46:46","guid":{"rendered":"https:\/\/lucacastelli.com\/prodotto\/milwaukee-cles-a-double-ouverture-sous-forme-souple-2\/"},"modified":"2025-08-10T08:46:46","modified_gmt":"2025-08-10T06:46:46","slug":"milwaukee-cles-a-double-ouverture-sous-forme-souple-2","status":"publish","type":"product","link":"https:\/\/lucacastelli.com\/fr\/produit\/milwaukee-cles-a-double-ouverture-sous-forme-souple-2\/","title":{"rendered":"Milwaukee Cl\u00e9s \u00e0 double ouverture sous forme souple"},"content":{"rendered":"<p>CL\u00c9S \u00c0 FOURCHE DOUBLE 4 pi\u00e8ces MOD MORB<br \/>\nInsert pour chariot \u00e0 outils de 30 pouces \/ 78 cm;Taille r\u00e9duite de la t\u00eate pour acc\u00e9der aux endroits confin\u00e9s;Poign\u00e9e arrondie et ergonomique pour appliquer un couple maximal;S\u00e9rigraphie laser \u00e0 l&#8217;encre pour une meilleure visibilit\u00e9 du diam\u00e8tre;Finition chrom\u00e9e<\/p>\n<p>4932493630<br \/>\n4058546485016<\/p>\n","protected":false},"excerpt":{"rendered":"<p>VIS DOUBLE 4 pcs MOD MORB<\/p>\n","protected":false},"featured_media":562924,"template":"","meta":{"_seopress_robots_primary_cat":"","_seopress_titles_title":"","_seopress_titles_desc":"","_seopress_robots_index":""},"product_brand":[3407],"product_cat":[5416,33],"product_tag":[3270],"class_list":{"0":"post-612437","1":"product","2":"type-product","3":"status-publish","4":"has-post-thumbnail","6":"product_brand-milwaukee","7":"product_cat-utensili-per-officina","8":"product_cat-attrezzature","9":"product_tag-import-milwau","10":"sws-conto-ricavi-merci-rivendita-macchinari-fr","11":"sws-gruppo-iva-iva81-fr","13":"first","14":"onbackorder","15":"sale","16":"shipping-taxable","17":"purchasable","18":"product-type-simple"},"_links":{"self":[{"href":"https:\/\/lucacastelli.com\/fr\/wp-json\/wp\/v2\/product\/612437","targetHints":{"allow":["GET"]}}],"collection":[{"href":"https:\/\/lucacastelli.com\/fr\/wp-json\/wp\/v2\/product"}],"about":[{"href":"https:\/\/lucacastelli.com\/fr\/wp-json\/wp\/v2\/types\/product"}],"wp:featuredmedia":[{"embeddable":true,"href":"https:\/\/lucacastelli.com\/fr\/wp-json\/wp\/v2\/media\/562924"}],"wp:attachment":[{"href":"https:\/\/lucacastelli.com\/fr\/wp-json\/wp\/v2\/media?parent=612437"}],"wp:term":[{"taxonomy":"product_brand","embeddable":true,"href":"https:\/\/lucacastelli.com\/fr\/wp-json\/wp\/v2\/product_brand?post=612437"},{"taxonomy":"product_cat","embeddable":true,"href":"https:\/\/lucacastelli.com\/fr\/wp-json\/wp\/v2\/product_cat?post=612437"},{"taxonomy":"product_tag","embeddable":true,"href":"https:\/\/lucacastelli.com\/fr\/wp-json\/wp\/v2\/product_tag?post=612437"}],"curies":[{"name":"wp","href":"https:\/\/api.w.org\/{rel}","templated":true}]}}