{"id":612429,"date":"2025-08-10T08:46:44","date_gmt":"2025-08-10T06:46:44","guid":{"rendered":"https:\/\/lucacastelli.com\/prodotto\/milwaukee-cles-a-double-extremite-ouverte-17\/"},"modified":"2025-08-10T08:46:44","modified_gmt":"2025-08-10T06:46:44","slug":"milwaukee-cles-a-double-extremite-ouverte-17","status":"publish","type":"product","link":"https:\/\/lucacastelli.com\/fr\/produit\/milwaukee-cles-a-double-extremite-ouverte-17\/","title":{"rendered":"Milwaukee Cl\u00e9s \u00e0 double extr\u00e9mit\u00e9 ouverte"},"content":{"rendered":"<p>CL\u00c9 \u00c0 FOURCHE DOUBLE 24&#215;26 mm<br \/>\nT\u00eate r\u00e9duite pour acc\u00e9der aux endroits confin\u00e9s;Poign\u00e9e arrondie et ergonomique pour appliquer un couple maximal;Impression laser \u00e0 l&#8217;encre pour une meilleure visibilit\u00e9 du diam\u00e8tre;Finition chrom\u00e9e<\/p>\n<p>4932493258<br \/>\n4058546481292<\/p>\n","protected":false},"excerpt":{"rendered":"<p>Cl\u00e9 \u00e0 fourche double 24&#215;26 mm<\/p>\n","protected":false},"featured_media":561940,"template":"","meta":{"_seopress_robots_primary_cat":"","_seopress_titles_title":"","_seopress_titles_desc":"","_seopress_robots_index":""},"product_brand":[3407],"product_cat":[5416,33],"product_tag":[3270],"class_list":{"0":"post-612429","1":"product","2":"type-product","3":"status-publish","4":"has-post-thumbnail","6":"product_brand-milwaukee","7":"product_cat-utensili-per-officina","8":"product_cat-attrezzature","9":"product_tag-import-milwau","10":"sws-conto-ricavi-merci-rivendita-macchinari-fr","11":"sws-gruppo-iva-iva81-fr","13":"first","14":"onbackorder","15":"sale","16":"shipping-taxable","17":"purchasable","18":"product-type-simple"},"_links":{"self":[{"href":"https:\/\/lucacastelli.com\/fr\/wp-json\/wp\/v2\/product\/612429","targetHints":{"allow":["GET"]}}],"collection":[{"href":"https:\/\/lucacastelli.com\/fr\/wp-json\/wp\/v2\/product"}],"about":[{"href":"https:\/\/lucacastelli.com\/fr\/wp-json\/wp\/v2\/types\/product"}],"wp:featuredmedia":[{"embeddable":true,"href":"https:\/\/lucacastelli.com\/fr\/wp-json\/wp\/v2\/media\/561940"}],"wp:attachment":[{"href":"https:\/\/lucacastelli.com\/fr\/wp-json\/wp\/v2\/media?parent=612429"}],"wp:term":[{"taxonomy":"product_brand","embeddable":true,"href":"https:\/\/lucacastelli.com\/fr\/wp-json\/wp\/v2\/product_brand?post=612429"},{"taxonomy":"product_cat","embeddable":true,"href":"https:\/\/lucacastelli.com\/fr\/wp-json\/wp\/v2\/product_cat?post=612429"},{"taxonomy":"product_tag","embeddable":true,"href":"https:\/\/lucacastelli.com\/fr\/wp-json\/wp\/v2\/product_tag?post=612429"}],"curies":[{"name":"wp","href":"https:\/\/api.w.org\/{rel}","templated":true}]}}