{"id":612361,"date":"2025-08-10T08:46:48","date_gmt":"2025-08-10T06:46:48","guid":{"rendered":"https:\/\/lucacastelli.com\/prodotto\/milwaukee-cles-a-poignee-en-t-avec-douille-hexagonale-articulee\/"},"modified":"2025-08-10T08:46:48","modified_gmt":"2025-08-10T06:46:48","slug":"milwaukee-cles-a-poignee-en-t-avec-douille-hexagonale-articulee","status":"publish","type":"product","link":"https:\/\/lucacastelli.com\/fr\/produit\/milwaukee-cles-a-poignee-en-t-avec-douille-hexagonale-articulee\/","title":{"rendered":"Milwaukee cl\u00e9s \u00e0 poign\u00e9e en T avec douille hexagonale articul\u00e9e."},"content":{"rendered":"<p>Cl\u00e9s \u00e0 douilles hexagonales 10 MM<br \/>\nT\u00eate de travail pivotante \u00e0 180 degr\u00e9s pour un acc\u00e8s optimal dans les espaces de construction restreints;Poign\u00e9e flexible et coulissante pour une adaptation optimale \u00e0 diff\u00e9rentes positions, offrant plus d&#8217;effet de levier ou facilitant le travail dans les espaces restreints;Les inserts de cl\u00e9s \u00e0 douilles sont \u00e9galement id\u00e9aux pour la fixation d&#8217;\u00e9crous avec de longs boulons<\/p>\n<p>4932492679<br \/>\n4058546475505.<\/p>\n","protected":false},"excerpt":{"rendered":"<p>CL\u00c9 \u00c0 DOUILLE HEXAGONALE JOINTE 10 MM<\/p>\n","protected":false},"featured_media":557949,"template":"","meta":{"_seopress_robots_primary_cat":"","_seopress_titles_title":"","_seopress_titles_desc":"","_seopress_robots_index":""},"product_brand":[3407],"product_cat":[5416,33],"product_tag":[3270],"class_list":{"0":"post-612361","1":"product","2":"type-product","3":"status-publish","4":"has-post-thumbnail","6":"product_brand-milwaukee","7":"product_cat-utensili-per-officina","8":"product_cat-attrezzature","9":"product_tag-import-milwau","10":"sws-conto-ricavi-merci-rivendita-macchinari-fr","11":"sws-gruppo-iva-iva81-fr","13":"first","14":"onbackorder","15":"sale","16":"shipping-taxable","17":"purchasable","18":"product-type-simple"},"_links":{"self":[{"href":"https:\/\/lucacastelli.com\/fr\/wp-json\/wp\/v2\/product\/612361","targetHints":{"allow":["GET"]}}],"collection":[{"href":"https:\/\/lucacastelli.com\/fr\/wp-json\/wp\/v2\/product"}],"about":[{"href":"https:\/\/lucacastelli.com\/fr\/wp-json\/wp\/v2\/types\/product"}],"wp:featuredmedia":[{"embeddable":true,"href":"https:\/\/lucacastelli.com\/fr\/wp-json\/wp\/v2\/media\/557949"}],"wp:attachment":[{"href":"https:\/\/lucacastelli.com\/fr\/wp-json\/wp\/v2\/media?parent=612361"}],"wp:term":[{"taxonomy":"product_brand","embeddable":true,"href":"https:\/\/lucacastelli.com\/fr\/wp-json\/wp\/v2\/product_brand?post=612361"},{"taxonomy":"product_cat","embeddable":true,"href":"https:\/\/lucacastelli.com\/fr\/wp-json\/wp\/v2\/product_cat?post=612361"},{"taxonomy":"product_tag","embeddable":true,"href":"https:\/\/lucacastelli.com\/fr\/wp-json\/wp\/v2\/product_tag?post=612361"}],"curies":[{"name":"wp","href":"https:\/\/api.w.org\/{rel}","templated":true}]}}