{"id":612347,"date":"2025-08-10T14:08:07","date_gmt":"2025-08-10T12:08:07","guid":{"rendered":"https:\/\/lucacastelli.com\/prodotto\/milwaukee-disques-a-lamelles-en-zirconium-6\/"},"modified":"2025-08-10T14:08:07","modified_gmt":"2025-08-10T12:08:07","slug":"milwaukee-disques-a-lamelles-en-zirconium-6","status":"publish","type":"product","link":"https:\/\/lucacastelli.com\/fr\/produit\/milwaukee-disques-a-lamelles-en-zirconium-6\/","title":{"rendered":"Milwaukee Disques \u00e0 lamelles en zirconium"},"content":{"rendered":"<p>DISQUES LAMELLAIRES EN Zirconium 115mm G60 -1pcs<br \/>\nHaute qualit\u00e9 du grain de Zirconium avec une longue dur\u00e9e de vie de l&#8217;outil sur les mat\u00e9riaux ferreux et l&#8217;acier inoxydable;Convient aux mat\u00e9riaux ferreux, \u00e0 l&#8217;acier inoxydable V2A (1.4301) \/ V4A (1.4401);Tampon de support en fibres naturelles pour une r\u00e9duction des vibrations et du bruit, pas de poussi\u00e8re nocive et respectueux de l&#8217;environnement;Tampon de support flexible qui s&#8217;adapte parfaitement \u00e0 la pi\u00e8ce \u00e0 travailler;Fabriqu\u00e9 en Allemagne;Les commandes doivent \u00eatre pass\u00e9es par multiples de 10 pi\u00e8ces;Applications : M\u00e9taux ferreux, acier inoxydable V2A (1.4301) \/ V4A (1.4401);Disponible uniquement par paquets de 10 pi\u00e8ces;<\/p>\n<p>4932472221<br \/>\n4058546326173<\/p>\n","protected":false},"excerpt":{"rendered":"<p>LAMELLAR ZIRCON DISCS 115mm G60 -1pcs<\/p>\n","protected":false},"featured_media":539550,"template":"","meta":{"_seopress_robots_primary_cat":"","_seopress_titles_title":"","_seopress_titles_desc":"","_seopress_robots_index":""},"product_brand":[3407],"product_cat":[29,555],"product_tag":[3270],"class_list":{"0":"post-612347","1":"product","2":"type-product","3":"status-publish","4":"has-post-thumbnail","6":"product_brand-milwaukee","7":"product_cat-macchinari","8":"product_cat-smerigliatrici","9":"product_tag-import-milwau","10":"sws-conto-ricavi-merci-rivendita-macchinari-fr","11":"sws-gruppo-iva-iva81-fr","13":"first","14":"onbackorder","15":"shipping-taxable","16":"purchasable","17":"product-type-simple"},"_links":{"self":[{"href":"https:\/\/lucacastelli.com\/fr\/wp-json\/wp\/v2\/product\/612347","targetHints":{"allow":["GET"]}}],"collection":[{"href":"https:\/\/lucacastelli.com\/fr\/wp-json\/wp\/v2\/product"}],"about":[{"href":"https:\/\/lucacastelli.com\/fr\/wp-json\/wp\/v2\/types\/product"}],"wp:featuredmedia":[{"embeddable":true,"href":"https:\/\/lucacastelli.com\/fr\/wp-json\/wp\/v2\/media\/539550"}],"wp:attachment":[{"href":"https:\/\/lucacastelli.com\/fr\/wp-json\/wp\/v2\/media?parent=612347"}],"wp:term":[{"taxonomy":"product_brand","embeddable":true,"href":"https:\/\/lucacastelli.com\/fr\/wp-json\/wp\/v2\/product_brand?post=612347"},{"taxonomy":"product_cat","embeddable":true,"href":"https:\/\/lucacastelli.com\/fr\/wp-json\/wp\/v2\/product_cat?post=612347"},{"taxonomy":"product_tag","embeddable":true,"href":"https:\/\/lucacastelli.com\/fr\/wp-json\/wp\/v2\/product_tag?post=612347"}],"curies":[{"name":"wp","href":"https:\/\/api.w.org\/{rel}","templated":true}]}}