{"id":612336,"date":"2025-08-10T14:11:07","date_gmt":"2025-08-10T12:11:07","guid":{"rendered":"https:\/\/lucacastelli.com\/prodotto\/disques-a-decouper-fins-milwaukee-pro\/"},"modified":"2025-08-10T14:11:07","modified_gmt":"2025-08-10T12:11:07","slug":"disques-a-decouper-fins-milwaukee-pro","status":"publish","type":"product","link":"https:\/\/lucacastelli.com\/fr\/produit\/disques-a-decouper-fins-milwaukee-pro\/","title":{"rendered":"Disques \u00e0 d\u00e9couper fins Milwaukee PRO+"},"content":{"rendered":"<p>76MM CUTTING DISC for M12FCOT -5pcs<br \/>\nApplications : Convient \u00e0 tous les aciers. Recommand\u00e9 pour couper l&#8217;acier inoxydable, le hardox, la fonte, l&#8217;acier r\u00e9sistant \u00e0 la chaleur, l&#8217;acier doux;Caract\u00e9ristiques : + 50 % de dur\u00e9e de vie de l&#8217;outil en plus, 50 % de temps de coupe en moins, 50 % de poussi\u00e8re en moins. <\/p>\n<p>4932464717<br \/>\n4058546226626<\/p>\n","protected":false},"excerpt":{"rendered":"<p>DISQUE DE COUPE 76MM pour M12FCOT -5pcs<\/p>\n","protected":false},"featured_media":497687,"template":"","meta":{"_seopress_robots_primary_cat":"","_seopress_titles_title":"","_seopress_titles_desc":"","_seopress_robots_index":""},"product_brand":[3658],"product_cat":[167,1540],"product_tag":[3273],"class_list":{"0":"post-612336","1":"product","2":"type-product","3":"status-publish","4":"has-post-thumbnail","6":"product_brand-milwaukee-fr","7":"product_cat-machines","8":"product_cat-meuleuses","9":"product_tag-import-milwau-fr","10":"sws-conto-ricavi-merci-rivendita-macchinari-fr","11":"sws-gruppo-iva-iva81-fr","13":"first","14":"onbackorder","15":"sale","16":"shipping-taxable","17":"purchasable","18":"product-type-simple"},"_links":{"self":[{"href":"https:\/\/lucacastelli.com\/fr\/wp-json\/wp\/v2\/product\/612336","targetHints":{"allow":["GET"]}}],"collection":[{"href":"https:\/\/lucacastelli.com\/fr\/wp-json\/wp\/v2\/product"}],"about":[{"href":"https:\/\/lucacastelli.com\/fr\/wp-json\/wp\/v2\/types\/product"}],"wp:featuredmedia":[{"embeddable":true,"href":"https:\/\/lucacastelli.com\/fr\/wp-json\/wp\/v2\/media\/497687"}],"wp:attachment":[{"href":"https:\/\/lucacastelli.com\/fr\/wp-json\/wp\/v2\/media?parent=612336"}],"wp:term":[{"taxonomy":"product_brand","embeddable":true,"href":"https:\/\/lucacastelli.com\/fr\/wp-json\/wp\/v2\/product_brand?post=612336"},{"taxonomy":"product_cat","embeddable":true,"href":"https:\/\/lucacastelli.com\/fr\/wp-json\/wp\/v2\/product_cat?post=612336"},{"taxonomy":"product_tag","embeddable":true,"href":"https:\/\/lucacastelli.com\/fr\/wp-json\/wp\/v2\/product_tag?post=612336"}],"curies":[{"name":"wp","href":"https:\/\/api.w.org\/{rel}","templated":true}]}}