{"id":612332,"date":"2025-08-10T14:11:05","date_gmt":"2025-08-10T12:11:05","guid":{"rendered":"https:\/\/lucacastelli.com\/prodotto\/milwaukee-m12-raptor-inox-disques-a-decouper-en-acier-2-pieces\/"},"modified":"2025-12-14T13:58:59","modified_gmt":"2025-12-14T12:58:59","slug":"milwaukee-m12-raptor-inox-disques-a-decouper-en-acier-2-pieces","status":"publish","type":"product","link":"https:\/\/lucacastelli.com\/fr\/produit\/milwaukee-m12-raptor-inox-disques-a-decouper-en-acier-2-pieces\/","title":{"rendered":"Milwaukee M12\u2122 RAPTOR\u2122 INOX disques \u00e0 d\u00e9couper en acier &#8211; 2 pi\u00e8ces"},"content":{"rendered":"<p>PCSSW \/ ACCESSOIRES DU SYSTEME<br \/>\nRoue de coupe de remplacement (2 roues) pour le coupe-tube M12, convient aux tuyaux en acier inoxydable<\/p>\n<p>4932479243<br \/>\n4058546370374<\/p>\n","protected":false},"excerpt":{"rendered":"<p>PCSSW \/ACCESSOIRES SYST\u00c8ME<\/p>\n","protected":false},"featured_media":543446,"template":"","meta":{"_seopress_robots_primary_cat":"","_seopress_titles_title":"","_seopress_titles_desc":"","_seopress_robots_index":""},"product_brand":[3658],"product_cat":[167,1540],"product_tag":[3273],"class_list":{"0":"post-612332","1":"product","2":"type-product","3":"status-publish","4":"has-post-thumbnail","6":"product_brand-milwaukee-fr","7":"product_cat-machines","8":"product_cat-meuleuses","9":"product_tag-import-milwau-fr","10":"sws-conto-ricavi-merci-rivendita-macchinari-fr","11":"sws-gruppo-iva-iva81-fr","13":"first","14":"onbackorder","15":"sale","16":"shipping-taxable","17":"purchasable","18":"product-type-simple"},"_links":{"self":[{"href":"https:\/\/lucacastelli.com\/fr\/wp-json\/wp\/v2\/product\/612332","targetHints":{"allow":["GET"]}}],"collection":[{"href":"https:\/\/lucacastelli.com\/fr\/wp-json\/wp\/v2\/product"}],"about":[{"href":"https:\/\/lucacastelli.com\/fr\/wp-json\/wp\/v2\/types\/product"}],"wp:featuredmedia":[{"embeddable":true,"href":"https:\/\/lucacastelli.com\/fr\/wp-json\/wp\/v2\/media\/543446"}],"wp:attachment":[{"href":"https:\/\/lucacastelli.com\/fr\/wp-json\/wp\/v2\/media?parent=612332"}],"wp:term":[{"taxonomy":"product_brand","embeddable":true,"href":"https:\/\/lucacastelli.com\/fr\/wp-json\/wp\/v2\/product_brand?post=612332"},{"taxonomy":"product_cat","embeddable":true,"href":"https:\/\/lucacastelli.com\/fr\/wp-json\/wp\/v2\/product_cat?post=612332"},{"taxonomy":"product_tag","embeddable":true,"href":"https:\/\/lucacastelli.com\/fr\/wp-json\/wp\/v2\/product_tag?post=612332"}],"curies":[{"name":"wp","href":"https:\/\/api.w.org\/{rel}","templated":true}]}}