{"id":612329,"date":"2025-08-10T14:08:23","date_gmt":"2025-08-10T12:08:23","guid":{"rendered":"https:\/\/lucacastelli.com\/prodotto\/milwaukee-disques-a-lamelles-pour-laluminium\/"},"modified":"2025-08-10T14:08:23","modified_gmt":"2025-08-10T12:08:23","slug":"milwaukee-disques-a-lamelles-pour-laluminium","status":"publish","type":"product","link":"https:\/\/lucacastelli.com\/fr\/produit\/milwaukee-disques-a-lamelles-pour-laluminium\/","title":{"rendered":"Milwaukee Disques \u00e0 lamelles pour l&#8217;aluminium"},"content":{"rendered":"<p>Disque \u00e0 lamelles ALU SLC50\/115mm G40-1 pc<br \/>\nId\u00e9al pour l&#8217;aluminium, les m\u00e9taux non ferreux et le bois;Le rev\u00eatement sp\u00e9cial des lamelles emp\u00eache l&#8217;encrassement du disque pendant l&#8217;application;Tampon de support en plastique auto-r\u00e9tractable;Fabriqu\u00e9 en Allemagne;A commander uniquement par paquets de 10 pi\u00e8ces.<\/p>\n<p>4932479089<br \/>\n4058546368838<\/p>\n","protected":false},"excerpt":{"rendered":"<p>Disque \u00e0 lamelles ALU SLC50\/115mm G40-1 pc<\/p>\n","protected":false},"featured_media":543108,"template":"","meta":{"_seopress_robots_primary_cat":"","_seopress_titles_title":"","_seopress_titles_desc":"","_seopress_robots_index":""},"product_brand":[3658],"product_cat":[167,1540],"product_tag":[3273],"class_list":{"0":"post-612329","1":"product","2":"type-product","3":"status-publish","4":"has-post-thumbnail","6":"product_brand-milwaukee-fr","7":"product_cat-machines","8":"product_cat-meuleuses","9":"product_tag-import-milwau-fr","10":"sws-conto-ricavi-merci-rivendita-macchinari-fr","11":"sws-gruppo-iva-iva81-fr","13":"first","14":"onbackorder","15":"shipping-taxable","16":"purchasable","17":"product-type-simple"},"_links":{"self":[{"href":"https:\/\/lucacastelli.com\/fr\/wp-json\/wp\/v2\/product\/612329","targetHints":{"allow":["GET"]}}],"collection":[{"href":"https:\/\/lucacastelli.com\/fr\/wp-json\/wp\/v2\/product"}],"about":[{"href":"https:\/\/lucacastelli.com\/fr\/wp-json\/wp\/v2\/types\/product"}],"wp:featuredmedia":[{"embeddable":true,"href":"https:\/\/lucacastelli.com\/fr\/wp-json\/wp\/v2\/media\/543108"}],"wp:attachment":[{"href":"https:\/\/lucacastelli.com\/fr\/wp-json\/wp\/v2\/media?parent=612329"}],"wp:term":[{"taxonomy":"product_brand","embeddable":true,"href":"https:\/\/lucacastelli.com\/fr\/wp-json\/wp\/v2\/product_brand?post=612329"},{"taxonomy":"product_cat","embeddable":true,"href":"https:\/\/lucacastelli.com\/fr\/wp-json\/wp\/v2\/product_cat?post=612329"},{"taxonomy":"product_tag","embeddable":true,"href":"https:\/\/lucacastelli.com\/fr\/wp-json\/wp\/v2\/product_tag?post=612329"}],"curies":[{"name":"wp","href":"https:\/\/api.w.org\/{rel}","templated":true}]}}