{"id":612306,"date":"2025-08-10T14:08:17","date_gmt":"2025-08-10T12:08:17","guid":{"rendered":"https:\/\/lucacastelli.com\/prodotto\/milwaukee-disques-a-lamelles-3\/"},"modified":"2025-08-10T14:08:17","modified_gmt":"2025-08-10T12:08:17","slug":"milwaukee-disques-a-lamelles-3","status":"publish","type":"product","link":"https:\/\/lucacastelli.com\/fr\/produit\/milwaukee-disques-a-lamelles-3\/","title":{"rendered":"Milwaukee Disques \u00e0 lamelles."},"content":{"rendered":"<p>CERAMIC LAMELLAR DISC 125mm G60 -1pcs<br \/>\nLes disques CERA TURBO\u2122 sont jusqu&#8217;\u00e0 50 % plus rapides pour enlever de la mati\u00e8re. Dur\u00e9e de vie jusqu&#8217;\u00e0 2 fois plus longue &#8211; permet d&#8217;utiliser le disque jusqu&#8217;au bout;Disque c\u00e9ramique hybride pour : Acier, acier inoxydable, bronze, titane, aluminium;Rembourrage en plastique;Tr\u00e8s flexible : s&#8217;adapte parfaitement \u00e0 la pi\u00e8ce \u00e0 travailler;Faible production de chaleur : pas de d\u00e9formation du m\u00e9tal, en particulier sur l&#8217;acier inoxydable;Fabriqu\u00e9 en Allemagne;Fonctionne mieux avec les mat\u00e9riaux ferreux, l&#8217;acier inoxydable V2A (1.4301) \/ V4A (1.440) et les mat\u00e9riaux non ferreux (aluminium, titane, etc.);Made in Germany;Applications : mat\u00e9riaux ferreux, mat\u00e9riaux non ferreux (aluminium, titane, etc.), acier inoxydable V2A (1.4301) \/ V4A (1.4401) <\/p>\n<p>4932472232<br \/>\n4058546326289<\/p>\n","protected":false},"excerpt":{"rendered":"<p>DISQUE LAMELLAIRE EN CERAMIQUE 125mm G60 -1pcs<\/p>\n","protected":false},"featured_media":539594,"template":"","meta":{"_seopress_robots_primary_cat":"","_seopress_titles_title":"","_seopress_titles_desc":"","_seopress_robots_index":""},"product_brand":[3407],"product_cat":[29,555],"product_tag":[3270],"class_list":{"0":"post-612306","1":"product","2":"type-product","3":"status-publish","4":"has-post-thumbnail","6":"product_brand-milwaukee","7":"product_cat-macchinari","8":"product_cat-smerigliatrici","9":"product_tag-import-milwau","10":"sws-conto-ricavi-merci-rivendita-macchinari-fr","11":"sws-gruppo-iva-iva81-fr","13":"first","14":"onbackorder","15":"shipping-taxable","16":"purchasable","17":"product-type-simple"},"_links":{"self":[{"href":"https:\/\/lucacastelli.com\/fr\/wp-json\/wp\/v2\/product\/612306","targetHints":{"allow":["GET"]}}],"collection":[{"href":"https:\/\/lucacastelli.com\/fr\/wp-json\/wp\/v2\/product"}],"about":[{"href":"https:\/\/lucacastelli.com\/fr\/wp-json\/wp\/v2\/types\/product"}],"wp:featuredmedia":[{"embeddable":true,"href":"https:\/\/lucacastelli.com\/fr\/wp-json\/wp\/v2\/media\/539594"}],"wp:attachment":[{"href":"https:\/\/lucacastelli.com\/fr\/wp-json\/wp\/v2\/media?parent=612306"}],"wp:term":[{"taxonomy":"product_brand","embeddable":true,"href":"https:\/\/lucacastelli.com\/fr\/wp-json\/wp\/v2\/product_brand?post=612306"},{"taxonomy":"product_cat","embeddable":true,"href":"https:\/\/lucacastelli.com\/fr\/wp-json\/wp\/v2\/product_cat?post=612306"},{"taxonomy":"product_tag","embeddable":true,"href":"https:\/\/lucacastelli.com\/fr\/wp-json\/wp\/v2\/product_tag?post=612306"}],"curies":[{"name":"wp","href":"https:\/\/api.w.org\/{rel}","templated":true}]}}