{"id":612275,"date":"2025-08-10T15:17:47","date_gmt":"2025-08-10T13:17:47","guid":{"rendered":"https:\/\/lucacastelli.com\/prodotto\/milwaukee-lunettes-de-protection-a-profil-haut-non-ventilees-2\/"},"modified":"2025-08-10T15:17:47","modified_gmt":"2025-08-10T13:17:47","slug":"milwaukee-lunettes-de-protection-a-profil-haut-non-ventilees-2","status":"publish","type":"product","link":"https:\/\/lucacastelli.com\/fr\/produit\/milwaukee-lunettes-de-protection-a-profil-haut-non-ventilees-2\/","title":{"rendered":"Milwaukee Lunettes de protection \u00e0 profil haut non ventil\u00e9es"},"content":{"rendered":"<p>YEUX. MASQUE. HIGH-PR NON VENT. GRI &#8211; 1pcs<br \/>\nVerres r\u00e9sistants et anti-rayures;Verres antibu\u00e9e longue dur\u00e9e;Protection am\u00e9lior\u00e9e contre les chocs;Protection contre les \u00e9claboussures et les liquides;Non ventil\u00e9es, pour les travaux avec des gaz et des vapeurs;Certification europ\u00e9enne : EN166 et EN170 \/ EN172.   <\/p>\n<p>4932493438<br \/>\n4058546483098<\/p>\n","protected":false},"excerpt":{"rendered":"<p>YEUX. MASQUE. HIGHPR NON VENT. GRI &#8211; 1 pc   <\/p>\n","protected":false},"featured_media":562391,"template":"","meta":{"_seopress_robots_primary_cat":"","_seopress_titles_title":"","_seopress_titles_desc":"","_seopress_robots_index":""},"product_brand":[3407],"product_cat":[33,537,816],"product_tag":[3270],"class_list":{"0":"post-612275","1":"product","2":"type-product","3":"status-publish","4":"has-post-thumbnail","6":"product_brand-milwaukee","7":"product_cat-attrezzature","8":"product_cat-attrezzatura-da-lavoro","9":"product_cat-visiere-e-occhiali-protettivi","10":"product_tag-import-milwau","11":"sws-conto-ricavi-merci-rivendita-macchinari-fr","12":"sws-gruppo-iva-iva81-fr","14":"first","15":"onbackorder","16":"shipping-taxable","17":"purchasable","18":"product-type-simple"},"_links":{"self":[{"href":"https:\/\/lucacastelli.com\/fr\/wp-json\/wp\/v2\/product\/612275","targetHints":{"allow":["GET"]}}],"collection":[{"href":"https:\/\/lucacastelli.com\/fr\/wp-json\/wp\/v2\/product"}],"about":[{"href":"https:\/\/lucacastelli.com\/fr\/wp-json\/wp\/v2\/types\/product"}],"wp:featuredmedia":[{"embeddable":true,"href":"https:\/\/lucacastelli.com\/fr\/wp-json\/wp\/v2\/media\/562391"}],"wp:attachment":[{"href":"https:\/\/lucacastelli.com\/fr\/wp-json\/wp\/v2\/media?parent=612275"}],"wp:term":[{"taxonomy":"product_brand","embeddable":true,"href":"https:\/\/lucacastelli.com\/fr\/wp-json\/wp\/v2\/product_brand?post=612275"},{"taxonomy":"product_cat","embeddable":true,"href":"https:\/\/lucacastelli.com\/fr\/wp-json\/wp\/v2\/product_cat?post=612275"},{"taxonomy":"product_tag","embeddable":true,"href":"https:\/\/lucacastelli.com\/fr\/wp-json\/wp\/v2\/product_tag?post=612275"}],"curies":[{"name":"wp","href":"https:\/\/api.w.org\/{rel}","templated":true}]}}