{"id":612265,"date":"2025-08-10T15:17:41","date_gmt":"2025-08-10T13:17:41","guid":{"rendered":"https:\/\/lucacastelli.com\/prodotto\/milwaukee-lunettes-de-securite-antibuee-anti-rayures-3\/"},"modified":"2025-08-10T15:17:41","modified_gmt":"2025-08-10T13:17:41","slug":"milwaukee-lunettes-de-securite-antibuee-anti-rayures-3","status":"publish","type":"product","link":"https:\/\/lucacastelli.com\/fr\/produit\/milwaukee-lunettes-de-securite-antibuee-anti-rayures-3\/","title":{"rendered":"Milwaukee Lunettes de s\u00e9curit\u00e9 antibu\u00e9e\/anti-rayures"},"content":{"rendered":"<p>Lunettes de s\u00e9curit\u00e9 antibu\u00e9e \/ anti-rayures<br \/>\nLUNETTES ANTI-BRUME &#8211; Verres rouges<br \/>\nL\u00e9ger, pour un plus grand confort d&#8217;utilisation;Verres anti-rayures. A l&#8217;exclusion des lunettes \u00e0 verres rouges miroit\u00e9s;Verres antibu\u00e9e;Branches confortables et flexibles pour plus de confort;Les verres neutres ou teint\u00e9s offrent une protection des yeux, que l&#8217;on travaille \u00e0 l&#8217;int\u00e9rieur ou \u00e0 l&#8217;ext\u00e9rieur;Certification europ\u00e9enne : EN166 et EN170 \/ EN172. <\/p>\n<p>4932498548<br \/>\n4058546524173<\/p>\n","protected":false},"excerpt":{"rendered":"<p>Lunettes ANTI-rayures &#8211; Verres rouges<\/p>\n","protected":false},"featured_media":592726,"template":"","meta":{"_seopress_robots_primary_cat":"","_seopress_titles_title":"","_seopress_titles_desc":"","_seopress_robots_index":""},"product_brand":[3407],"product_cat":[33,537,816],"product_tag":[3270],"class_list":{"0":"post-612265","1":"product","2":"type-product","3":"status-publish","4":"has-post-thumbnail","6":"product_brand-milwaukee","7":"product_cat-attrezzature","8":"product_cat-attrezzatura-da-lavoro","9":"product_cat-visiere-e-occhiali-protettivi","10":"product_tag-import-milwau","11":"sws-conto-ricavi-merci-rivendita-macchinari-fr","12":"sws-gruppo-iva-iva81-fr","14":"first","15":"onbackorder","16":"shipping-taxable","17":"purchasable","18":"product-type-simple"},"_links":{"self":[{"href":"https:\/\/lucacastelli.com\/fr\/wp-json\/wp\/v2\/product\/612265","targetHints":{"allow":["GET"]}}],"collection":[{"href":"https:\/\/lucacastelli.com\/fr\/wp-json\/wp\/v2\/product"}],"about":[{"href":"https:\/\/lucacastelli.com\/fr\/wp-json\/wp\/v2\/types\/product"}],"wp:featuredmedia":[{"embeddable":true,"href":"https:\/\/lucacastelli.com\/fr\/wp-json\/wp\/v2\/media\/592726"}],"wp:attachment":[{"href":"https:\/\/lucacastelli.com\/fr\/wp-json\/wp\/v2\/media?parent=612265"}],"wp:term":[{"taxonomy":"product_brand","embeddable":true,"href":"https:\/\/lucacastelli.com\/fr\/wp-json\/wp\/v2\/product_brand?post=612265"},{"taxonomy":"product_cat","embeddable":true,"href":"https:\/\/lucacastelli.com\/fr\/wp-json\/wp\/v2\/product_cat?post=612265"},{"taxonomy":"product_tag","embeddable":true,"href":"https:\/\/lucacastelli.com\/fr\/wp-json\/wp\/v2\/product_tag?post=612265"}],"curies":[{"name":"wp","href":"https:\/\/api.w.org\/{rel}","templated":true}]}}