{"id":612253,"date":"2025-08-10T15:17:40","date_gmt":"2025-08-10T13:17:40","guid":{"rendered":"https:\/\/lucacastelli.com\/prodotto\/milwaukee-lunettes-de-securite-a-double-foyer-4\/"},"modified":"2025-08-10T15:17:40","modified_gmt":"2025-08-10T13:17:40","slug":"milwaukee-lunettes-de-securite-a-double-foyer-4","status":"publish","type":"product","link":"https:\/\/lucacastelli.com\/fr\/produit\/milwaukee-lunettes-de-securite-a-double-foyer-4\/","title":{"rendered":"Milwaukee Lunettes de s\u00e9curit\u00e9 \u00e0 double foyer"},"content":{"rendered":"<p>Lunettes de s\u00e9curit\u00e9 transparentes (+1) &#8211; 1pc<br \/>\nVerres gradu\u00e9s : offrent aux utilisateurs une correction optique pour une meilleure vision dans les applications de pr\u00e8s;L\u00e9ger pour un confort prolong\u00e9 pendant l&#8217;utilisation;Verres anti-rayures pour une durabilit\u00e9 maximale;Branches confortables et flexibles pour un confort prolong\u00e9;Certification europ\u00e9enne : EN166 et EN170<\/p>\n<p>4932478909<br \/>\n4058546361914<\/p>\n","protected":false},"excerpt":{"rendered":"<p>Lunettes de s\u00e9curit\u00e9 transparentes (+1) &#8211; 1pc<\/p>\n","protected":false},"featured_media":542271,"template":"","meta":{"_seopress_robots_primary_cat":"","_seopress_titles_title":"","_seopress_titles_desc":"","_seopress_robots_index":""},"product_brand":[3407],"product_cat":[33,537,816],"product_tag":[3270],"class_list":{"0":"post-612253","1":"product","2":"type-product","3":"status-publish","4":"has-post-thumbnail","6":"product_brand-milwaukee","7":"product_cat-attrezzature","8":"product_cat-attrezzatura-da-lavoro","9":"product_cat-visiere-e-occhiali-protettivi","10":"product_tag-import-milwau","11":"sws-conto-ricavi-merci-rivendita-macchinari-fr","12":"sws-gruppo-iva-iva81-fr","14":"first","15":"onbackorder","16":"shipping-taxable","17":"purchasable","18":"product-type-simple"},"_links":{"self":[{"href":"https:\/\/lucacastelli.com\/fr\/wp-json\/wp\/v2\/product\/612253","targetHints":{"allow":["GET"]}}],"collection":[{"href":"https:\/\/lucacastelli.com\/fr\/wp-json\/wp\/v2\/product"}],"about":[{"href":"https:\/\/lucacastelli.com\/fr\/wp-json\/wp\/v2\/types\/product"}],"wp:featuredmedia":[{"embeddable":true,"href":"https:\/\/lucacastelli.com\/fr\/wp-json\/wp\/v2\/media\/542271"}],"wp:attachment":[{"href":"https:\/\/lucacastelli.com\/fr\/wp-json\/wp\/v2\/media?parent=612253"}],"wp:term":[{"taxonomy":"product_brand","embeddable":true,"href":"https:\/\/lucacastelli.com\/fr\/wp-json\/wp\/v2\/product_brand?post=612253"},{"taxonomy":"product_cat","embeddable":true,"href":"https:\/\/lucacastelli.com\/fr\/wp-json\/wp\/v2\/product_cat?post=612253"},{"taxonomy":"product_tag","embeddable":true,"href":"https:\/\/lucacastelli.com\/fr\/wp-json\/wp\/v2\/product_tag?post=612253"}],"curies":[{"name":"wp","href":"https:\/\/api.w.org\/{rel}","templated":true}]}}