{"id":612231,"date":"2025-07-18T08:55:29","date_gmt":"2025-07-18T06:55:29","guid":{"rendered":"https:\/\/lucacastelli.com\/prodotto\/milwaukee-diamond-disk-audd-materiaux-souples-et-abrasifs\/"},"modified":"2025-07-18T08:55:29","modified_gmt":"2025-07-18T06:55:29","slug":"milwaukee-diamond-disk-audd-materiaux-souples-et-abrasifs","status":"publish","type":"product","link":"https:\/\/lucacastelli.com\/fr\/produit\/milwaukee-diamond-disk-audd-materiaux-souples-et-abrasifs\/","title":{"rendered":"Milwaukee Diamond Disk AUDD &#8211; MAT\u00c9RIAUX SOUPLES ET ABRASIFS"},"content":{"rendered":"<p>Le disque diamant\u00e9 AUDD convient aux mat\u00e9riaux durs et abrasifs, mais ses meilleures performances sont obtenues lorsqu&#8217;il est utilis\u00e9 dans le b\u00e9ton avec des mat\u00e9riaux standard.<\/p>\n","protected":false},"excerpt":{"rendered":"<p>Le disque diamant\u00e9 AUDD convient aux mat\u00e9riaux durs et abrasifs, mais ses meilleures performances sont obtenues lorsqu&#8217;il est utilis\u00e9 dans<\/p>\n","protected":false},"featured_media":495715,"template":"","meta":{"_seopress_robots_primary_cat":"","_seopress_titles_title":"","_seopress_titles_desc":"","_seopress_robots_index":""},"product_brand":[3407],"product_cat":[29,555],"product_tag":[3270],"class_list":{"0":"post-612231","1":"product","2":"type-product","3":"status-publish","4":"has-post-thumbnail","6":"product_brand-milwaukee","7":"product_cat-macchinari","8":"product_cat-smerigliatrici","9":"product_tag-import-milwau","10":"sws-gruppo-macchinari-fr","11":"sws-conto-ricavi-merci-rivendita-macchinari-fr","12":"sws-gruppo-iva-iva81-fr","14":"first","15":"onbackorder","16":"sale","17":"shipping-taxable","18":"purchasable","19":"product-type-simple"},"_links":{"self":[{"href":"https:\/\/lucacastelli.com\/fr\/wp-json\/wp\/v2\/product\/612231","targetHints":{"allow":["GET"]}}],"collection":[{"href":"https:\/\/lucacastelli.com\/fr\/wp-json\/wp\/v2\/product"}],"about":[{"href":"https:\/\/lucacastelli.com\/fr\/wp-json\/wp\/v2\/types\/product"}],"wp:featuredmedia":[{"embeddable":true,"href":"https:\/\/lucacastelli.com\/fr\/wp-json\/wp\/v2\/media\/495715"}],"wp:attachment":[{"href":"https:\/\/lucacastelli.com\/fr\/wp-json\/wp\/v2\/media?parent=612231"}],"wp:term":[{"taxonomy":"product_brand","embeddable":true,"href":"https:\/\/lucacastelli.com\/fr\/wp-json\/wp\/v2\/product_brand?post=612231"},{"taxonomy":"product_cat","embeddable":true,"href":"https:\/\/lucacastelli.com\/fr\/wp-json\/wp\/v2\/product_cat?post=612231"},{"taxonomy":"product_tag","embeddable":true,"href":"https:\/\/lucacastelli.com\/fr\/wp-json\/wp\/v2\/product_tag?post=612231"}],"curies":[{"name":"wp","href":"https:\/\/api.w.org\/{rel}","templated":true}]}}