{"id":612224,"date":"2025-07-18T08:55:25","date_gmt":"2025-07-18T06:55:25","guid":{"rendered":"https:\/\/lucacastelli.com\/prodotto\/milwaukee-disque-diamante-dut-materiaux-morbides-4\/"},"modified":"2025-07-18T08:55:25","modified_gmt":"2025-07-18T06:55:25","slug":"milwaukee-disque-diamante-dut-materiaux-morbides-4","status":"publish","type":"product","link":"https:\/\/lucacastelli.com\/fr\/produit\/milwaukee-disque-diamante-dut-materiaux-morbides-4\/","title":{"rendered":"Milwaukee Disque diamant\u00e9 DUT &#8211; MAT\u00c9RIAUX MORBIDES"},"content":{"rendered":"<p>Disque diamant\u00e9 avec DesignZollTurbo pour les applications g\u00e9n\u00e9rales. Offre d&#8217;excellentes performances en termes de vitesse et de dur\u00e9e de vie. Applications : id\u00e9al pour la brique pleine et les mat\u00e9riaux tendres en g\u00e9n\u00e9ral.  <\/p>\n","protected":false},"excerpt":{"rendered":"<p>Disque diamant\u00e9 avec DesignZollTurbo pour les applications g\u00e9n\u00e9rales. Offre d&#8217;excellentes performances en termes de vitesse et de dur\u00e9e de vie.<\/p>\n","protected":false},"featured_media":495397,"template":"","meta":{"_seopress_robots_primary_cat":"","_seopress_titles_title":"","_seopress_titles_desc":"","_seopress_robots_index":""},"product_brand":[3407],"product_cat":[29,555],"product_tag":[3270],"class_list":{"0":"post-612224","1":"product","2":"type-product","3":"status-publish","4":"has-post-thumbnail","6":"product_brand-milwaukee","7":"product_cat-macchinari","8":"product_cat-smerigliatrici","9":"product_tag-import-milwau","10":"sws-gruppo-macchinari-fr","11":"sws-conto-ricavi-merci-rivendita-macchinari-fr","12":"sws-gruppo-iva-iva81-fr","14":"first","15":"onbackorder","16":"sale","17":"shipping-taxable","18":"purchasable","19":"product-type-simple"},"_links":{"self":[{"href":"https:\/\/lucacastelli.com\/fr\/wp-json\/wp\/v2\/product\/612224","targetHints":{"allow":["GET"]}}],"collection":[{"href":"https:\/\/lucacastelli.com\/fr\/wp-json\/wp\/v2\/product"}],"about":[{"href":"https:\/\/lucacastelli.com\/fr\/wp-json\/wp\/v2\/types\/product"}],"wp:featuredmedia":[{"embeddable":true,"href":"https:\/\/lucacastelli.com\/fr\/wp-json\/wp\/v2\/media\/495397"}],"wp:attachment":[{"href":"https:\/\/lucacastelli.com\/fr\/wp-json\/wp\/v2\/media?parent=612224"}],"wp:term":[{"taxonomy":"product_brand","embeddable":true,"href":"https:\/\/lucacastelli.com\/fr\/wp-json\/wp\/v2\/product_brand?post=612224"},{"taxonomy":"product_cat","embeddable":true,"href":"https:\/\/lucacastelli.com\/fr\/wp-json\/wp\/v2\/product_cat?post=612224"},{"taxonomy":"product_tag","embeddable":true,"href":"https:\/\/lucacastelli.com\/fr\/wp-json\/wp\/v2\/product_tag?post=612224"}],"curies":[{"name":"wp","href":"https:\/\/api.w.org\/{rel}","templated":true}]}}