{"id":612202,"date":"2025-07-18T08:55:14","date_gmt":"2025-07-18T06:55:14","guid":{"rendered":"https:\/\/lucacastelli.com\/prodotto\/milwaukee-disque-de-diamant-dhts-porcelaine-stoneware-et-marbre-2\/"},"modified":"2025-07-18T08:55:14","modified_gmt":"2025-07-18T06:55:14","slug":"milwaukee-disque-de-diamant-dhts-porcelaine-stoneware-et-marbre-2","status":"publish","type":"product","link":"https:\/\/lucacastelli.com\/fr\/produit\/milwaukee-disque-de-diamant-dhts-porcelaine-stoneware-et-marbre-2\/","title":{"rendered":"Milwaukee Disque de diamant DHTS &#8211; PORCELAINE STONEWARE et MARBRE"},"content":{"rendered":"<p>Lame diamant\u00e9e de qualit\u00e9 sup\u00e9rieure avec ZollTurbo DesignZoll;Applications : id\u00e9ale pour le gr\u00e8s c\u00e9rame et le granit. Coupe nette;La haute qualit\u00e9 de cette lame permet de couper la plupart des mat\u00e9riaux de construction. <\/p>\n","protected":false},"excerpt":{"rendered":"<p>Lame diamant\u00e9e de qualit\u00e9 sup\u00e9rieure avec ZollTurbo DesignZoll;Applications : id\u00e9ale pour le gr\u00e8s c\u00e9rame et le granit. Coupe nette;La haute<\/p>\n","protected":false},"featured_media":495441,"template":"","meta":{"_seopress_robots_primary_cat":"","_seopress_titles_title":"","_seopress_titles_desc":"","_seopress_robots_index":""},"product_brand":[3407],"product_cat":[29,555],"product_tag":[3270],"class_list":{"0":"post-612202","1":"product","2":"type-product","3":"status-publish","4":"has-post-thumbnail","6":"product_brand-milwaukee","7":"product_cat-macchinari","8":"product_cat-smerigliatrici","9":"product_tag-import-milwau","10":"sws-gruppo-macchinari-fr","11":"sws-conto-ricavi-merci-rivendita-macchinari-fr","12":"sws-gruppo-iva-iva81-fr","14":"first","15":"onbackorder","16":"sale","17":"shipping-taxable","18":"purchasable","19":"product-type-simple"},"_links":{"self":[{"href":"https:\/\/lucacastelli.com\/fr\/wp-json\/wp\/v2\/product\/612202","targetHints":{"allow":["GET"]}}],"collection":[{"href":"https:\/\/lucacastelli.com\/fr\/wp-json\/wp\/v2\/product"}],"about":[{"href":"https:\/\/lucacastelli.com\/fr\/wp-json\/wp\/v2\/types\/product"}],"wp:featuredmedia":[{"embeddable":true,"href":"https:\/\/lucacastelli.com\/fr\/wp-json\/wp\/v2\/media\/495441"}],"wp:attachment":[{"href":"https:\/\/lucacastelli.com\/fr\/wp-json\/wp\/v2\/media?parent=612202"}],"wp:term":[{"taxonomy":"product_brand","embeddable":true,"href":"https:\/\/lucacastelli.com\/fr\/wp-json\/wp\/v2\/product_brand?post=612202"},{"taxonomy":"product_cat","embeddable":true,"href":"https:\/\/lucacastelli.com\/fr\/wp-json\/wp\/v2\/product_cat?post=612202"},{"taxonomy":"product_tag","embeddable":true,"href":"https:\/\/lucacastelli.com\/fr\/wp-json\/wp\/v2\/product_tag?post=612202"}],"curies":[{"name":"wp","href":"https:\/\/api.w.org\/{rel}","templated":true}]}}