{"id":612194,"date":"2025-07-18T08:55:08","date_gmt":"2025-07-18T06:55:08","guid":{"rendered":"https:\/\/lucacastelli.com\/prodotto\/milwaukee-disque-diamant-dhti-ceramique\/"},"modified":"2025-07-18T08:55:08","modified_gmt":"2025-07-18T06:55:08","slug":"milwaukee-disque-diamant-dhti-ceramique","status":"publish","type":"product","link":"https:\/\/lucacastelli.com\/fr\/produit\/milwaukee-disque-diamant-dhti-ceramique\/","title":{"rendered":"Milwaukee Disque diamant DHTi &#8211; C\u00c9RAMIQUE"},"content":{"rendered":"<p>Id\u00e9al pour les carreaux de duret\u00e9 moyenne et faible. Con\u00e7u pour ceux qui n&#8217;ont pas besoin de couper des c\u00e9ramiques plus dures. <\/p>\n","protected":false},"excerpt":{"rendered":"<p>Id\u00e9al pour les carreaux de duret\u00e9 moyenne et faible. Con\u00e7u pour ceux qui n&#8217;ont pas besoin de couper des c\u00e9ramiques<\/p>\n","protected":false},"featured_media":495456,"template":"","meta":{"_seopress_robots_primary_cat":"","_seopress_titles_title":"","_seopress_titles_desc":"","_seopress_robots_index":""},"product_brand":[3407],"product_cat":[29,555],"product_tag":[3270],"class_list":{"0":"post-612194","1":"product","2":"type-product","3":"status-publish","4":"has-post-thumbnail","6":"product_brand-milwaukee","7":"product_cat-macchinari","8":"product_cat-smerigliatrici","9":"product_tag-import-milwau","10":"sws-gruppo-macchinari-fr","11":"sws-conto-ricavi-merci-rivendita-macchinari-fr","12":"sws-gruppo-iva-iva81-fr","14":"first","15":"onbackorder","16":"sale","17":"shipping-taxable","18":"purchasable","19":"product-type-simple"},"_links":{"self":[{"href":"https:\/\/lucacastelli.com\/fr\/wp-json\/wp\/v2\/product\/612194","targetHints":{"allow":["GET"]}}],"collection":[{"href":"https:\/\/lucacastelli.com\/fr\/wp-json\/wp\/v2\/product"}],"about":[{"href":"https:\/\/lucacastelli.com\/fr\/wp-json\/wp\/v2\/types\/product"}],"wp:featuredmedia":[{"embeddable":true,"href":"https:\/\/lucacastelli.com\/fr\/wp-json\/wp\/v2\/media\/495456"}],"wp:attachment":[{"href":"https:\/\/lucacastelli.com\/fr\/wp-json\/wp\/v2\/media?parent=612194"}],"wp:term":[{"taxonomy":"product_brand","embeddable":true,"href":"https:\/\/lucacastelli.com\/fr\/wp-json\/wp\/v2\/product_brand?post=612194"},{"taxonomy":"product_cat","embeddable":true,"href":"https:\/\/lucacastelli.com\/fr\/wp-json\/wp\/v2\/product_cat?post=612194"},{"taxonomy":"product_tag","embeddable":true,"href":"https:\/\/lucacastelli.com\/fr\/wp-json\/wp\/v2\/product_tag?post=612194"}],"curies":[{"name":"wp","href":"https:\/\/api.w.org\/{rel}","templated":true}]}}