{"id":612188,"date":"2025-08-10T15:12:19","date_gmt":"2025-08-10T13:12:19","guid":{"rendered":"https:\/\/lucacastelli.com\/prodotto\/milwaukee-disque-a-decouper-diamante-duh-dur-materials-3\/"},"modified":"2025-08-10T15:12:19","modified_gmt":"2025-08-10T13:12:19","slug":"milwaukee-disque-a-decouper-diamante-duh-dur-materials-3","status":"publish","type":"product","link":"https:\/\/lucacastelli.com\/fr\/produit\/milwaukee-disque-a-decouper-diamante-duh-dur-materials-3\/","title":{"rendered":"Milwaukee Disque \u00e0 d\u00e9couper diamant\u00e9 DUH &#8211; DUR MATERIALS"},"content":{"rendered":"<p>Disque diamant\u00e9 DIAM DUH 300MM<br \/>\nDisque diamant\u00e9 de haute qualit\u00e9 offrant d&#8217;excellentes performances dans les applications sur des mat\u00e9riaux particuli\u00e8rement durs. Applications : id\u00e9al pour les mat\u00e9riaux durs, notamment le b\u00e9ton arm\u00e9.   <\/p>\n<p>4932493331<br \/>\n4058546482022<\/p>\n","protected":false},"excerpt":{"rendered":"<p>DISQUE DIAM DUH 300MM<\/p>\n","protected":false},"featured_media":555130,"template":"","meta":{"_seopress_robots_primary_cat":"","_seopress_titles_title":"","_seopress_titles_desc":"","_seopress_robots_index":""},"product_brand":[3658],"product_cat":[1689,167,1686],"product_tag":[3273],"class_list":{"0":"post-612188","1":"product","2":"type-product","3":"status-publish","4":"has-post-thumbnail","6":"product_brand-milwaukee-fr","7":"product_cat-coupe-bordures-et-elagueurs","8":"product_cat-machines","9":"product_cat-tronconneuses-fr","10":"product_tag-import-milwau-fr","11":"sws-conto-ricavi-merci-rivendita-macchinari-fr","12":"sws-gruppo-iva-iva81-fr","14":"first","15":"onbackorder","16":"sale","17":"shipping-taxable","18":"purchasable","19":"product-type-simple"},"_links":{"self":[{"href":"https:\/\/lucacastelli.com\/fr\/wp-json\/wp\/v2\/product\/612188","targetHints":{"allow":["GET"]}}],"collection":[{"href":"https:\/\/lucacastelli.com\/fr\/wp-json\/wp\/v2\/product"}],"about":[{"href":"https:\/\/lucacastelli.com\/fr\/wp-json\/wp\/v2\/types\/product"}],"wp:featuredmedia":[{"embeddable":true,"href":"https:\/\/lucacastelli.com\/fr\/wp-json\/wp\/v2\/media\/555130"}],"wp:attachment":[{"href":"https:\/\/lucacastelli.com\/fr\/wp-json\/wp\/v2\/media?parent=612188"}],"wp:term":[{"taxonomy":"product_brand","embeddable":true,"href":"https:\/\/lucacastelli.com\/fr\/wp-json\/wp\/v2\/product_brand?post=612188"},{"taxonomy":"product_cat","embeddable":true,"href":"https:\/\/lucacastelli.com\/fr\/wp-json\/wp\/v2\/product_cat?post=612188"},{"taxonomy":"product_tag","embeddable":true,"href":"https:\/\/lucacastelli.com\/fr\/wp-json\/wp\/v2\/product_tag?post=612188"}],"curies":[{"name":"wp","href":"https:\/\/api.w.org\/{rel}","templated":true}]}}