{"id":612187,"date":"2025-08-10T15:12:21","date_gmt":"2025-08-10T13:12:21","guid":{"rendered":"https:\/\/lucacastelli.com\/prodotto\/milwaukee-hudd-disque-diamante-350-x-254-mm-epaisseur-de-coupe-26-mm-hauteur-de-segment-10-mm\/"},"modified":"2025-08-10T15:12:21","modified_gmt":"2025-08-10T13:12:21","slug":"milwaukee-hudd-disque-diamante-350-x-254-mm-epaisseur-de-coupe-26-mm-hauteur-de-segment-10-mm","status":"publish","type":"product","link":"https:\/\/lucacastelli.com\/fr\/produit\/milwaukee-hudd-disque-diamante-350-x-254-mm-epaisseur-de-coupe-26-mm-hauteur-de-segment-10-mm\/","title":{"rendered":"Milwaukee HUDD Disque diamant\u00e9 350 x 25,4 mm, \u00e9paisseur de coupe 2,6 mm, hauteur de segment 10 mm."},"content":{"rendered":"<p>DISC DIAM SPEEDCROSS HUDD 350MM -1pcs<br \/>\nLes disques HUDD sont particuli\u00e8rement adapt\u00e9s aux mat\u00e9riaux de construction durs et moyennement durs, plus le mat\u00e9riau est r\u00e9sistant, plus les performances sont \u00e9lev\u00e9es ; Lame universelle pour une grande vari\u00e9t\u00e9 de mat\u00e9riaux ; hauteur de 10 mm pour garantir une plus longue dur\u00e9e de vie. La forte concentration de diamants combin\u00e9e \u00e0 la g\u00e9om\u00e9trie sp\u00e9ciale du disque assure des performances de coupe sup\u00e9rieures. La soudure au laser garantit une qualit\u00e9 professionnelle;Segments soud\u00e9s au laser;Faibles vibrations. La pr\u00e9-tension de la lame \u00e9limine les oscillations et r\u00e9duit consid\u00e9rablement les vibrations;Domaine d&#8217;application. Les lames diamant\u00e9es Speedcross sont con\u00e7ues pour tous les professionnels de la construction qui exigent les meilleures performances, m\u00eame pour les travaux les plus exigeants.    <\/p>\n<p>4932471985<br \/>\n4058546298845<\/p>\n","protected":false},"excerpt":{"rendered":"<p>DISC DIAM SPEEDCROSS HUDD 350MM -1pcs<\/p>\n","protected":false},"featured_media":495674,"template":"","meta":{"_seopress_robots_primary_cat":"","_seopress_titles_title":"","_seopress_titles_desc":"","_seopress_robots_index":""},"product_brand":[3407],"product_cat":[29,495,496],"product_tag":[3270],"class_list":{"0":"post-612187","1":"product","2":"type-product","3":"status-publish","4":"has-post-thumbnail","6":"product_brand-milwaukee","7":"product_cat-macchinari","8":"product_cat-troncatrici-e-mototroncatrici","9":"product_cat-troncatrici","10":"product_tag-import-milwau","11":"sws-conto-ricavi-merci-rivendita-macchinari-fr","12":"sws-gruppo-iva-iva81-fr","14":"first","15":"onbackorder","16":"sale","17":"shipping-taxable","18":"purchasable","19":"product-type-simple"},"_links":{"self":[{"href":"https:\/\/lucacastelli.com\/fr\/wp-json\/wp\/v2\/product\/612187","targetHints":{"allow":["GET"]}}],"collection":[{"href":"https:\/\/lucacastelli.com\/fr\/wp-json\/wp\/v2\/product"}],"about":[{"href":"https:\/\/lucacastelli.com\/fr\/wp-json\/wp\/v2\/types\/product"}],"wp:featuredmedia":[{"embeddable":true,"href":"https:\/\/lucacastelli.com\/fr\/wp-json\/wp\/v2\/media\/495674"}],"wp:attachment":[{"href":"https:\/\/lucacastelli.com\/fr\/wp-json\/wp\/v2\/media?parent=612187"}],"wp:term":[{"taxonomy":"product_brand","embeddable":true,"href":"https:\/\/lucacastelli.com\/fr\/wp-json\/wp\/v2\/product_brand?post=612187"},{"taxonomy":"product_cat","embeddable":true,"href":"https:\/\/lucacastelli.com\/fr\/wp-json\/wp\/v2\/product_cat?post=612187"},{"taxonomy":"product_tag","embeddable":true,"href":"https:\/\/lucacastelli.com\/fr\/wp-json\/wp\/v2\/product_tag?post=612187"}],"curies":[{"name":"wp","href":"https:\/\/api.w.org\/{rel}","templated":true}]}}