{"id":612179,"date":"2025-08-10T15:12:11","date_gmt":"2025-08-10T13:12:11","guid":{"rendered":"https:\/\/lucacastelli.com\/prodotto\/milwaukee-disque-a-decouper-scs-41-150-x-15-pro\/"},"modified":"2025-08-10T15:12:11","modified_gmt":"2025-08-10T13:12:11","slug":"milwaukee-disque-a-decouper-scs-41-150-x-15-pro","status":"publish","type":"product","link":"https:\/\/lucacastelli.com\/fr\/produit\/milwaukee-disque-a-decouper-scs-41-150-x-15-pro\/","title":{"rendered":"Milwaukee Disque \u00e0 d\u00e9couper SCS 41\/ 150 x 1,5 PRO+"},"content":{"rendered":"<p>ROUES DE COUPE SCS41D 150&#215;1,5mm PRO+ -1pcs<br \/>\nApplications : Convient \u00e0 tous les aciers. Recommand\u00e9 pour la coupe de l&#8217;acier inoxydable, du hardox, de la fonte, de l&#8217;acier r\u00e9sistant \u00e0 la chaleur, de l&#8217;acier doux;Caract\u00e9ristiques : + 50% de dur\u00e9e de vie de l&#8217;outil en plus, 50% de temps de coupe en moins, 50% de poussi\u00e8re en moins. <\/p>\n<p>4932471386<br \/>\n4058546290146<\/p>\n","protected":false},"excerpt":{"rendered":"<p>ROULEAU DE COUPE SCS41D 150&#215;1,5mm PRO+ -1pcs<\/p>\n","protected":false},"featured_media":536529,"template":"","meta":{"_seopress_robots_primary_cat":"","_seopress_titles_title":"","_seopress_titles_desc":"","_seopress_robots_index":""},"product_brand":[3407],"product_cat":[29,495,496],"product_tag":[3270],"class_list":{"0":"post-612179","1":"product","2":"type-product","3":"status-publish","4":"has-post-thumbnail","6":"product_brand-milwaukee","7":"product_cat-macchinari","8":"product_cat-troncatrici-e-mototroncatrici","9":"product_cat-troncatrici","10":"product_tag-import-milwau","11":"sws-conto-ricavi-merci-rivendita-macchinari-fr","12":"sws-gruppo-iva-iva81-fr","14":"first","15":"onbackorder","16":"sale","17":"shipping-taxable","18":"purchasable","19":"product-type-simple"},"_links":{"self":[{"href":"https:\/\/lucacastelli.com\/fr\/wp-json\/wp\/v2\/product\/612179","targetHints":{"allow":["GET"]}}],"collection":[{"href":"https:\/\/lucacastelli.com\/fr\/wp-json\/wp\/v2\/product"}],"about":[{"href":"https:\/\/lucacastelli.com\/fr\/wp-json\/wp\/v2\/types\/product"}],"wp:featuredmedia":[{"embeddable":true,"href":"https:\/\/lucacastelli.com\/fr\/wp-json\/wp\/v2\/media\/536529"}],"wp:attachment":[{"href":"https:\/\/lucacastelli.com\/fr\/wp-json\/wp\/v2\/media?parent=612179"}],"wp:term":[{"taxonomy":"product_brand","embeddable":true,"href":"https:\/\/lucacastelli.com\/fr\/wp-json\/wp\/v2\/product_brand?post=612179"},{"taxonomy":"product_cat","embeddable":true,"href":"https:\/\/lucacastelli.com\/fr\/wp-json\/wp\/v2\/product_cat?post=612179"},{"taxonomy":"product_tag","embeddable":true,"href":"https:\/\/lucacastelli.com\/fr\/wp-json\/wp\/v2\/product_tag?post=612179"}],"curies":[{"name":"wp","href":"https:\/\/api.w.org\/{rel}","templated":true}]}}