{"id":612172,"date":"2025-08-10T15:12:06","date_gmt":"2025-08-10T13:12:06","guid":{"rendered":"https:\/\/lucacastelli.com\/prodotto\/milwaukee-diamond-disk-sudd-silenced-haute-performance-2\/"},"modified":"2025-08-10T15:12:06","modified_gmt":"2025-08-10T13:12:06","slug":"milwaukee-diamond-disk-sudd-silenced-haute-performance-2","status":"publish","type":"product","link":"https:\/\/lucacastelli.com\/fr\/produit\/milwaukee-diamond-disk-sudd-silenced-haute-performance-2\/","title":{"rendered":"Milwaukee Diamond Disk SUDD &#8211; SILENCED &#8211; HAUTE PERFORMANCE"},"content":{"rendered":"<p>DIAM SPEEDCROSS SUDD 350MM DISC<br \/>\nSilencieux pour minimiser le niveau de bruit pendant l&#8217;application de coupe;Segments rainur\u00e9s en U pour une meilleure \u00e9limination de la poussi\u00e8re et une coupe plus rapide;Diamants dispos\u00e9s avec pr\u00e9cision pour une performance de coupe maximale;Segments soud\u00e9s au laser pour une coupe extr\u00eamement agressive et une durabilit\u00e9 maximale<\/p>\n<p>4932492153<br \/>\n4058546415204<\/p>\n","protected":false},"excerpt":{"rendered":"<p>DISQUE DIAM SPEEDCROSS SUDD 350MM<\/p>\n","protected":false},"featured_media":600839,"template":"","meta":{"_seopress_robots_primary_cat":"","_seopress_titles_title":"","_seopress_titles_desc":"","_seopress_robots_index":""},"product_brand":[3407],"product_cat":[29,495,496],"product_tag":[3270],"class_list":{"0":"post-612172","1":"product","2":"type-product","3":"status-publish","4":"has-post-thumbnail","6":"product_brand-milwaukee","7":"product_cat-macchinari","8":"product_cat-troncatrici-e-mototroncatrici","9":"product_cat-troncatrici","10":"product_tag-import-milwau","11":"sws-conto-ricavi-merci-rivendita-macchinari-fr","12":"sws-gruppo-iva-iva81-fr","14":"first","15":"onbackorder","16":"sale","17":"shipping-taxable","18":"purchasable","19":"product-type-simple"},"_links":{"self":[{"href":"https:\/\/lucacastelli.com\/fr\/wp-json\/wp\/v2\/product\/612172","targetHints":{"allow":["GET"]}}],"collection":[{"href":"https:\/\/lucacastelli.com\/fr\/wp-json\/wp\/v2\/product"}],"about":[{"href":"https:\/\/lucacastelli.com\/fr\/wp-json\/wp\/v2\/types\/product"}],"wp:featuredmedia":[{"embeddable":true,"href":"https:\/\/lucacastelli.com\/fr\/wp-json\/wp\/v2\/media\/600839"}],"wp:attachment":[{"href":"https:\/\/lucacastelli.com\/fr\/wp-json\/wp\/v2\/media?parent=612172"}],"wp:term":[{"taxonomy":"product_brand","embeddable":true,"href":"https:\/\/lucacastelli.com\/fr\/wp-json\/wp\/v2\/product_brand?post=612172"},{"taxonomy":"product_cat","embeddable":true,"href":"https:\/\/lucacastelli.com\/fr\/wp-json\/wp\/v2\/product_cat?post=612172"},{"taxonomy":"product_tag","embeddable":true,"href":"https:\/\/lucacastelli.com\/fr\/wp-json\/wp\/v2\/product_tag?post=612172"}],"curies":[{"name":"wp","href":"https:\/\/api.w.org\/{rel}","templated":true}]}}