{"id":612160,"date":"2025-08-10T15:12:04","date_gmt":"2025-08-10T13:12:04","guid":{"rendered":"https:\/\/lucacastelli.com\/prodotto\/milwaukee-steelhead-roue-diamantee-acier-et-acier-inoxydable-3\/"},"modified":"2025-08-10T15:12:04","modified_gmt":"2025-08-10T13:12:04","slug":"milwaukee-steelhead-roue-diamantee-acier-et-acier-inoxydable-3","status":"publish","type":"product","link":"https:\/\/lucacastelli.com\/fr\/produit\/milwaukee-steelhead-roue-diamantee-acier-et-acier-inoxydable-3\/","title":{"rendered":"Milwaukee STEELHEAD\u2122 Roue diamant\u00e9e &#8211; Acier et acier inoxydable"},"content":{"rendered":"<p>DISQUES DIAM. DH 230MM-PER FERRO-STEELHEAD<br \/>\nSTEELHEAD\u2122 convient pour l&#8217;acier et l&#8217;acier inoxydable. Convient \u00e9galement au b\u00e9ton arm\u00e9;La haute densit\u00e9 et la qualit\u00e9 du m\u00e9lange diamant\u00e9 bras\u00e9 et soud\u00e9 garantissent une r\u00e9sistance et des performances \u00e9lev\u00e9es;En raison de sa polyvalence et de ses performances exceptionnelles, le disque diamant\u00e9 est \u00e9galement parfait pour les pompiers et les op\u00e9rations de sauvetage.  <\/p>\n<p>4932492016<br \/>\n4058546413835<\/p>\n","protected":false},"excerpt":{"rendered":"<p>DIAM\u00c8TRE DU DISQUE. DH 230MM POUR T\u00caTE DE FER-ACIER <\/p>\n","protected":false},"featured_media":554736,"template":"","meta":{"_seopress_robots_primary_cat":"","_seopress_titles_title":"","_seopress_titles_desc":"","_seopress_robots_index":""},"product_brand":[3407],"product_cat":[29,495,496],"product_tag":[3270],"class_list":{"0":"post-612160","1":"product","2":"type-product","3":"status-publish","4":"has-post-thumbnail","6":"product_brand-milwaukee","7":"product_cat-macchinari","8":"product_cat-troncatrici-e-mototroncatrici","9":"product_cat-troncatrici","10":"product_tag-import-milwau","11":"sws-conto-ricavi-merci-rivendita-macchinari-fr","12":"sws-gruppo-iva-iva81-fr","14":"first","15":"onbackorder","16":"sale","17":"shipping-taxable","18":"purchasable","19":"product-type-simple"},"_links":{"self":[{"href":"https:\/\/lucacastelli.com\/fr\/wp-json\/wp\/v2\/product\/612160","targetHints":{"allow":["GET"]}}],"collection":[{"href":"https:\/\/lucacastelli.com\/fr\/wp-json\/wp\/v2\/product"}],"about":[{"href":"https:\/\/lucacastelli.com\/fr\/wp-json\/wp\/v2\/types\/product"}],"wp:featuredmedia":[{"embeddable":true,"href":"https:\/\/lucacastelli.com\/fr\/wp-json\/wp\/v2\/media\/554736"}],"wp:attachment":[{"href":"https:\/\/lucacastelli.com\/fr\/wp-json\/wp\/v2\/media?parent=612160"}],"wp:term":[{"taxonomy":"product_brand","embeddable":true,"href":"https:\/\/lucacastelli.com\/fr\/wp-json\/wp\/v2\/product_brand?post=612160"},{"taxonomy":"product_cat","embeddable":true,"href":"https:\/\/lucacastelli.com\/fr\/wp-json\/wp\/v2\/product_cat?post=612160"},{"taxonomy":"product_tag","embeddable":true,"href":"https:\/\/lucacastelli.com\/fr\/wp-json\/wp\/v2\/product_tag?post=612160"}],"curies":[{"name":"wp","href":"https:\/\/api.w.org\/{rel}","templated":true}]}}