{"id":612155,"date":"2025-08-10T15:12:00","date_gmt":"2025-08-10T13:12:00","guid":{"rendered":"https:\/\/lucacastelli.com\/prodotto\/milwaukee-disque-diamante-sudd-silenced-materiaux-durs\/"},"modified":"2025-08-10T15:12:00","modified_gmt":"2025-08-10T13:12:00","slug":"milwaukee-disque-diamante-sudd-silenced-materiaux-durs","status":"publish","type":"product","link":"https:\/\/lucacastelli.com\/fr\/produit\/milwaukee-disque-diamante-sudd-silenced-materiaux-durs\/","title":{"rendered":"Milwaukee Disque diamant\u00e9 SUDD &#8211; SILENCED &#8211; MAT\u00c9RIAUX DURS"},"content":{"rendered":"<p>Dia.Disc SUDD 350mm-1pc<br \/>\nDisque soud\u00e9 au laser avec des performances exceptionnelles sur tous les types de mat\u00e9riaux de construction;Technologie \u00e0 faible bruit pendant la coupe;Segments de 10 mm de hauteur;Disque optimis\u00e9 pour la scie circulaire Milwaukee\u00ae<\/p>\n<p>4932479462<br \/>\n4058546372569.<\/p>\n","protected":false},"excerpt":{"rendered":"<p>Disque de diam\u00e8tre SUDD 350mm-1pc<\/p>\n","protected":false},"featured_media":543867,"template":"","meta":{"_seopress_robots_primary_cat":"","_seopress_titles_title":"","_seopress_titles_desc":"","_seopress_robots_index":""},"product_brand":[3407],"product_cat":[29,495,496],"product_tag":[3270],"class_list":{"0":"post-612155","1":"product","2":"type-product","3":"status-publish","4":"has-post-thumbnail","6":"product_brand-milwaukee","7":"product_cat-macchinari","8":"product_cat-troncatrici-e-mototroncatrici","9":"product_cat-troncatrici","10":"product_tag-import-milwau","11":"sws-conto-ricavi-merci-rivendita-macchinari-fr","12":"sws-gruppo-iva-iva81-fr","14":"first","15":"onbackorder","16":"sale","17":"shipping-taxable","18":"purchasable","19":"product-type-simple"},"_links":{"self":[{"href":"https:\/\/lucacastelli.com\/fr\/wp-json\/wp\/v2\/product\/612155","targetHints":{"allow":["GET"]}}],"collection":[{"href":"https:\/\/lucacastelli.com\/fr\/wp-json\/wp\/v2\/product"}],"about":[{"href":"https:\/\/lucacastelli.com\/fr\/wp-json\/wp\/v2\/types\/product"}],"wp:featuredmedia":[{"embeddable":true,"href":"https:\/\/lucacastelli.com\/fr\/wp-json\/wp\/v2\/media\/543867"}],"wp:attachment":[{"href":"https:\/\/lucacastelli.com\/fr\/wp-json\/wp\/v2\/media?parent=612155"}],"wp:term":[{"taxonomy":"product_brand","embeddable":true,"href":"https:\/\/lucacastelli.com\/fr\/wp-json\/wp\/v2\/product_brand?post=612155"},{"taxonomy":"product_cat","embeddable":true,"href":"https:\/\/lucacastelli.com\/fr\/wp-json\/wp\/v2\/product_cat?post=612155"},{"taxonomy":"product_tag","embeddable":true,"href":"https:\/\/lucacastelli.com\/fr\/wp-json\/wp\/v2\/product_tag?post=612155"}],"curies":[{"name":"wp","href":"https:\/\/api.w.org\/{rel}","templated":true}]}}