{"id":612152,"date":"2025-08-10T15:12:01","date_gmt":"2025-08-10T13:12:01","guid":{"rendered":"https:\/\/lucacastelli.com\/prodotto\/milwaukee-steelhead-roue-diamantee-acier-et-acier-inoxydable\/"},"modified":"2025-08-10T15:12:01","modified_gmt":"2025-08-10T13:12:01","slug":"milwaukee-steelhead-roue-diamantee-acier-et-acier-inoxydable","status":"publish","type":"product","link":"https:\/\/lucacastelli.com\/fr\/produit\/milwaukee-steelhead-roue-diamantee-acier-et-acier-inoxydable\/","title":{"rendered":"Milwaukee STEELHEAD\u2122 Roue diamant\u00e9e &#8211; Acier et acier inoxydable"},"content":{"rendered":"<p>DISCS DIAM DH 350MM IRON STEELHEAD 1pcs<br \/>\nSTEELHEAD\u2122 est adapt\u00e9 \u00e0 l&#8217;acier et \u00e0 l&#8217;acier inoxydable. Convient \u00e9galement au b\u00e9ton arm\u00e9;La haute densit\u00e9 et la qualit\u00e9 du m\u00e9lange diamant\u00e9 bras\u00e9 et soud\u00e9 garantissent une r\u00e9sistance et des performances \u00e9lev\u00e9es;Gr\u00e2ce \u00e0 sa polyvalence et \u00e0 ses performances exceptionnelles, le disque diamant\u00e9 est \u00e9galement parfait pour les pompiers et les op\u00e9rations de sauvetage. <\/p>\n<p>4932471988<br \/>\n4058546298876<\/p>\n","protected":false},"excerpt":{"rendered":"<p>DISC DIAM DH 350MM IRON STEELHEAD 1 pc.<\/p>\n","protected":false},"featured_media":538689,"template":"","meta":{"_seopress_robots_primary_cat":"","_seopress_titles_title":"","_seopress_titles_desc":"","_seopress_robots_index":""},"product_brand":[3658],"product_cat":[1689,167,1686],"product_tag":[3273],"class_list":{"0":"post-612152","1":"product","2":"type-product","3":"status-publish","4":"has-post-thumbnail","6":"product_brand-milwaukee-fr","7":"product_cat-coupe-bordures-et-elagueurs","8":"product_cat-machines","9":"product_cat-tronconneuses-fr","10":"product_tag-import-milwau-fr","11":"sws-conto-ricavi-merci-rivendita-macchinari-fr","12":"sws-gruppo-iva-iva81-fr","14":"first","15":"onbackorder","16":"sale","17":"shipping-taxable","18":"purchasable","19":"product-type-simple"},"_links":{"self":[{"href":"https:\/\/lucacastelli.com\/fr\/wp-json\/wp\/v2\/product\/612152","targetHints":{"allow":["GET"]}}],"collection":[{"href":"https:\/\/lucacastelli.com\/fr\/wp-json\/wp\/v2\/product"}],"about":[{"href":"https:\/\/lucacastelli.com\/fr\/wp-json\/wp\/v2\/types\/product"}],"wp:featuredmedia":[{"embeddable":true,"href":"https:\/\/lucacastelli.com\/fr\/wp-json\/wp\/v2\/media\/538689"}],"wp:attachment":[{"href":"https:\/\/lucacastelli.com\/fr\/wp-json\/wp\/v2\/media?parent=612152"}],"wp:term":[{"taxonomy":"product_brand","embeddable":true,"href":"https:\/\/lucacastelli.com\/fr\/wp-json\/wp\/v2\/product_brand?post=612152"},{"taxonomy":"product_cat","embeddable":true,"href":"https:\/\/lucacastelli.com\/fr\/wp-json\/wp\/v2\/product_cat?post=612152"},{"taxonomy":"product_tag","embeddable":true,"href":"https:\/\/lucacastelli.com\/fr\/wp-json\/wp\/v2\/product_tag?post=612152"}],"curies":[{"name":"wp","href":"https:\/\/api.w.org\/{rel}","templated":true}]}}