{"id":612149,"date":"2025-08-10T15:11:58","date_gmt":"2025-08-10T13:11:58","guid":{"rendered":"https:\/\/lucacastelli.com\/prodotto\/milwaukee-diamond-disk-xhudd-materiaux-durs-hautes-performances-3\/"},"modified":"2025-08-10T15:11:58","modified_gmt":"2025-08-10T13:11:58","slug":"milwaukee-diamond-disk-xhudd-materiaux-durs-hautes-performances-3","status":"publish","type":"product","link":"https:\/\/lucacastelli.com\/fr\/produit\/milwaukee-diamond-disk-xhudd-materiaux-durs-hautes-performances-3\/","title":{"rendered":"Milwaukee Diamond Disk XHUDD &#8211; MAT\u00c9RIAUX DURS &#8211; HAUTES PERFORMANCES"},"content":{"rendered":"<p>DIAM SPEEDCROSS XHUDD 230MM<br \/>\nConvient \u00e0 tous les types de mat\u00e9riaux de construction durs;Diamants dispos\u00e9s avec pr\u00e9cision pour une performance de coupe maximale;Segments soud\u00e9s au laser pour une coupe extr\u00eamement agressive et une durabilit\u00e9 maximale<\/p>\n<p>4932492150<br \/>\n4058546415174<\/p>\n","protected":false},"excerpt":{"rendered":"<p>SPEEDCROSS XHUDD DISC 230MM<\/p>\n","protected":false},"featured_media":555150,"template":"","meta":{"_seopress_robots_primary_cat":"","_seopress_titles_title":"","_seopress_titles_desc":"","_seopress_robots_index":""},"product_brand":[3407],"product_cat":[29,495,496],"product_tag":[3270],"class_list":{"0":"post-612149","1":"product","2":"type-product","3":"status-publish","4":"has-post-thumbnail","6":"product_brand-milwaukee","7":"product_cat-macchinari","8":"product_cat-troncatrici-e-mototroncatrici","9":"product_cat-troncatrici","10":"product_tag-import-milwau","11":"sws-conto-ricavi-merci-rivendita-macchinari-fr","12":"sws-gruppo-iva-iva81-fr","14":"first","15":"onbackorder","16":"sale","17":"shipping-taxable","18":"purchasable","19":"product-type-simple"},"_links":{"self":[{"href":"https:\/\/lucacastelli.com\/fr\/wp-json\/wp\/v2\/product\/612149","targetHints":{"allow":["GET"]}}],"collection":[{"href":"https:\/\/lucacastelli.com\/fr\/wp-json\/wp\/v2\/product"}],"about":[{"href":"https:\/\/lucacastelli.com\/fr\/wp-json\/wp\/v2\/types\/product"}],"wp:featuredmedia":[{"embeddable":true,"href":"https:\/\/lucacastelli.com\/fr\/wp-json\/wp\/v2\/media\/555150"}],"wp:attachment":[{"href":"https:\/\/lucacastelli.com\/fr\/wp-json\/wp\/v2\/media?parent=612149"}],"wp:term":[{"taxonomy":"product_brand","embeddable":true,"href":"https:\/\/lucacastelli.com\/fr\/wp-json\/wp\/v2\/product_brand?post=612149"},{"taxonomy":"product_cat","embeddable":true,"href":"https:\/\/lucacastelli.com\/fr\/wp-json\/wp\/v2\/product_cat?post=612149"},{"taxonomy":"product_tag","embeddable":true,"href":"https:\/\/lucacastelli.com\/fr\/wp-json\/wp\/v2\/product_tag?post=612149"}],"curies":[{"name":"wp","href":"https:\/\/api.w.org\/{rel}","templated":true}]}}