{"id":612136,"date":"2025-08-10T15:12:16","date_gmt":"2025-08-10T13:12:16","guid":{"rendered":"https:\/\/lucacastelli.com\/prodotto\/milwaukee-disque-de-diamant-dhts-porcelaine-stoneware-et-marbre\/"},"modified":"2025-08-10T15:12:16","modified_gmt":"2025-08-10T13:12:16","slug":"milwaukee-disque-de-diamant-dhts-porcelaine-stoneware-et-marbre","status":"publish","type":"product","link":"https:\/\/lucacastelli.com\/fr\/produit\/milwaukee-disque-de-diamant-dhts-porcelaine-stoneware-et-marbre\/","title":{"rendered":"Milwaukee Disque de diamant DHTS &#8211; PORCELAINE STONEWARE et MARBRE"},"content":{"rendered":"<p>DISQUES DIAM. DHTS 76MM pour M12FCOT -1pcs<br \/>\nLame diamant\u00e9e de haute qualit\u00e9 avec ZollTurbo DesignZoll;Applications : id\u00e9al pour le gr\u00e8s c\u00e9rame et le granit. Coupe nette;La haute qualit\u00e9 de cette lame permet de couper la plupart des mat\u00e9riaux de construction.  <\/p>\n<p>4932464715<br \/>\n4058546226602<\/p>\n","protected":false},"excerpt":{"rendered":"<p>DISCS DIAM. DHTS 76MM pour M12FCOT -1pcs. <\/p>\n","protected":false},"featured_media":529795,"template":"","meta":{"_seopress_robots_primary_cat":"","_seopress_titles_title":"","_seopress_titles_desc":"","_seopress_robots_index":""},"product_brand":[3658],"product_cat":[167,1689,1686],"product_tag":[3273],"class_list":{"0":"post-612136","1":"product","2":"type-product","3":"status-publish","4":"has-post-thumbnail","6":"product_brand-milwaukee-fr","7":"product_cat-machines","8":"product_cat-coupe-bordures-et-elagueurs","9":"product_cat-tronconneuses-fr","10":"product_tag-import-milwau-fr","11":"sws-conto-ricavi-merci-rivendita-macchinari-fr","12":"sws-gruppo-iva-iva81-fr","14":"first","15":"onbackorder","16":"sale","17":"shipping-taxable","18":"purchasable","19":"product-type-simple"},"_links":{"self":[{"href":"https:\/\/lucacastelli.com\/fr\/wp-json\/wp\/v2\/product\/612136","targetHints":{"allow":["GET"]}}],"collection":[{"href":"https:\/\/lucacastelli.com\/fr\/wp-json\/wp\/v2\/product"}],"about":[{"href":"https:\/\/lucacastelli.com\/fr\/wp-json\/wp\/v2\/types\/product"}],"wp:featuredmedia":[{"embeddable":true,"href":"https:\/\/lucacastelli.com\/fr\/wp-json\/wp\/v2\/media\/529795"}],"wp:attachment":[{"href":"https:\/\/lucacastelli.com\/fr\/wp-json\/wp\/v2\/media?parent=612136"}],"wp:term":[{"taxonomy":"product_brand","embeddable":true,"href":"https:\/\/lucacastelli.com\/fr\/wp-json\/wp\/v2\/product_brand?post=612136"},{"taxonomy":"product_cat","embeddable":true,"href":"https:\/\/lucacastelli.com\/fr\/wp-json\/wp\/v2\/product_cat?post=612136"},{"taxonomy":"product_tag","embeddable":true,"href":"https:\/\/lucacastelli.com\/fr\/wp-json\/wp\/v2\/product_tag?post=612136"}],"curies":[{"name":"wp","href":"https:\/\/api.w.org\/{rel}","templated":true}]}}