{"id":612131,"date":"2025-08-10T15:12:17","date_gmt":"2025-08-10T13:12:17","guid":{"rendered":"https:\/\/lucacastelli.com\/prodotto\/milwaukee-disque-a-decouper-diamante-duh-dur-materials\/"},"modified":"2025-08-10T15:12:17","modified_gmt":"2025-08-10T13:12:17","slug":"milwaukee-disque-a-decouper-diamante-duh-dur-materials","status":"publish","type":"product","link":"https:\/\/lucacastelli.com\/fr\/produit\/milwaukee-disque-a-decouper-diamante-duh-dur-materials\/","title":{"rendered":"Milwaukee Disque \u00e0 d\u00e9couper diamant\u00e9 DUH &#8211; DUR MATERIALS"},"content":{"rendered":"<p>DISQUE DIAM DUH 350MM -1pcs<br \/>\nDisque diamant\u00e9 de haute qualit\u00e9 avec d&#8217;excellentes performances dans les applications sur des mat\u00e9riaux particuli\u00e8rement durs. Applications : id\u00e9al pour les mat\u00e9riaux durs, m\u00eame le b\u00e9ton arm\u00e9.   <\/p>\n<p>4932471986<br \/>\n4058546298852<\/p>\n","protected":false},"excerpt":{"rendered":"<p>DISQUE DIAM DUH 350MM -1pcs<\/p>\n","protected":false},"featured_media":538679,"template":"","meta":{"_seopress_robots_primary_cat":"","_seopress_titles_title":"","_seopress_titles_desc":"","_seopress_robots_index":""},"product_brand":[3407],"product_cat":[29,495,496],"product_tag":[3270],"class_list":{"0":"post-612131","1":"product","2":"type-product","3":"status-publish","4":"has-post-thumbnail","6":"product_brand-milwaukee","7":"product_cat-macchinari","8":"product_cat-troncatrici-e-mototroncatrici","9":"product_cat-troncatrici","10":"product_tag-import-milwau","11":"sws-conto-ricavi-merci-rivendita-macchinari-fr","12":"sws-gruppo-iva-iva81-fr","14":"first","15":"onbackorder","16":"sale","17":"shipping-taxable","18":"purchasable","19":"product-type-simple"},"_links":{"self":[{"href":"https:\/\/lucacastelli.com\/fr\/wp-json\/wp\/v2\/product\/612131","targetHints":{"allow":["GET"]}}],"collection":[{"href":"https:\/\/lucacastelli.com\/fr\/wp-json\/wp\/v2\/product"}],"about":[{"href":"https:\/\/lucacastelli.com\/fr\/wp-json\/wp\/v2\/types\/product"}],"wp:featuredmedia":[{"embeddable":true,"href":"https:\/\/lucacastelli.com\/fr\/wp-json\/wp\/v2\/media\/538679"}],"wp:attachment":[{"href":"https:\/\/lucacastelli.com\/fr\/wp-json\/wp\/v2\/media?parent=612131"}],"wp:term":[{"taxonomy":"product_brand","embeddable":true,"href":"https:\/\/lucacastelli.com\/fr\/wp-json\/wp\/v2\/product_brand?post=612131"},{"taxonomy":"product_cat","embeddable":true,"href":"https:\/\/lucacastelli.com\/fr\/wp-json\/wp\/v2\/product_cat?post=612131"},{"taxonomy":"product_tag","embeddable":true,"href":"https:\/\/lucacastelli.com\/fr\/wp-json\/wp\/v2\/product_tag?post=612131"}],"curies":[{"name":"wp","href":"https:\/\/api.w.org\/{rel}","templated":true}]}}