{"id":612118,"date":"2025-08-10T15:12:12","date_gmt":"2025-08-10T13:12:12","guid":{"rendered":"https:\/\/lucacastelli.com\/prodotto\/milwaukee-diamond-disk-dhti-granite-pierre-artificielle-et-gres\/"},"modified":"2025-08-10T15:12:12","modified_gmt":"2025-08-10T13:12:12","slug":"milwaukee-diamond-disk-dhti-granite-pierre-artificielle-et-gres","status":"publish","type":"product","link":"https:\/\/lucacastelli.com\/fr\/produit\/milwaukee-diamond-disk-dhti-granite-pierre-artificielle-et-gres\/","title":{"rendered":"Milwaukee Diamond Disk DHTi &#8211; GRANITE, PIERRE ARTIFICIELLE et GRES"},"content":{"rendered":"<p>DISC DIAM SPEEDCROSS DHTI 115MM<br \/>\nLame continue avec turbo pour des coupes extr\u00eamement propres et pr\u00e9cises;Applications : granit, pierre artificielle et sp\u00e9cialement pour les carreaux durs (gr\u00e8s\/porcelaine) jusqu&#8217;\u00e0 20 mm d&#8217;\u00e9paisseur<\/p>\n<p>4932492154<br \/>\n4058546415211<\/p>\n","protected":false},"excerpt":{"rendered":"<p>DISQUE DIAM SPEEDCROSS DHTI 115MM<\/p>\n","protected":false},"featured_media":555166,"template":"","meta":{"_seopress_robots_primary_cat":"","_seopress_titles_title":"","_seopress_titles_desc":"","_seopress_robots_index":""},"product_brand":[3407],"product_cat":[29,495,496],"product_tag":[3270],"class_list":{"0":"post-612118","1":"product","2":"type-product","3":"status-publish","4":"has-post-thumbnail","6":"product_brand-milwaukee","7":"product_cat-macchinari","8":"product_cat-troncatrici-e-mototroncatrici","9":"product_cat-troncatrici","10":"product_tag-import-milwau","11":"sws-conto-ricavi-merci-rivendita-macchinari-fr","12":"sws-gruppo-iva-iva81-fr","14":"first","15":"onbackorder","16":"sale","17":"shipping-taxable","18":"purchasable","19":"product-type-simple"},"_links":{"self":[{"href":"https:\/\/lucacastelli.com\/fr\/wp-json\/wp\/v2\/product\/612118","targetHints":{"allow":["GET"]}}],"collection":[{"href":"https:\/\/lucacastelli.com\/fr\/wp-json\/wp\/v2\/product"}],"about":[{"href":"https:\/\/lucacastelli.com\/fr\/wp-json\/wp\/v2\/types\/product"}],"wp:featuredmedia":[{"embeddable":true,"href":"https:\/\/lucacastelli.com\/fr\/wp-json\/wp\/v2\/media\/555166"}],"wp:attachment":[{"href":"https:\/\/lucacastelli.com\/fr\/wp-json\/wp\/v2\/media?parent=612118"}],"wp:term":[{"taxonomy":"product_brand","embeddable":true,"href":"https:\/\/lucacastelli.com\/fr\/wp-json\/wp\/v2\/product_brand?post=612118"},{"taxonomy":"product_cat","embeddable":true,"href":"https:\/\/lucacastelli.com\/fr\/wp-json\/wp\/v2\/product_cat?post=612118"},{"taxonomy":"product_tag","embeddable":true,"href":"https:\/\/lucacastelli.com\/fr\/wp-json\/wp\/v2\/product_tag?post=612118"}],"curies":[{"name":"wp","href":"https:\/\/api.w.org\/{rel}","templated":true}]}}