{"id":612108,"date":"2025-08-10T17:12:33","date_gmt":"2025-08-10T15:12:33","guid":{"rendered":"https:\/\/lucacastelli.com\/prodotto\/milwaukee-backing-pad-pour-m12-fros-adhesif-souple\/"},"modified":"2025-08-10T17:12:33","modified_gmt":"2025-08-10T15:12:33","slug":"milwaukee-backing-pad-pour-m12-fros-adhesif-souple","status":"publish","type":"product","link":"https:\/\/lucacastelli.com\/fr\/produit\/milwaukee-backing-pad-pour-m12-fros-adhesif-souple\/","title":{"rendered":"Milwaukee Backing Pad pour M12 FROS &#8211; Adh\u00e9sif souple"},"content":{"rendered":"<p>Plateau d&#8217;appui pour M12 FROS &#8211; Adh\u00e9sif doux<br \/>\nDisque abrasif pour ponceuse orbitale al\u00e9atoire M12 FUEL 150 mm;Dur et sensible \u00e0 la pression, adh\u00e9sif<\/p>\n<p>4932499246<br \/>\n4058546564100.<\/p>\n","protected":false},"excerpt":{"rendered":"<p>Tampon de support pour M12 FROS &#8211; Adh\u00e9sif doux<\/p>\n","protected":false},"featured_media":591247,"template":"","meta":{"_seopress_robots_primary_cat":"","_seopress_titles_title":"","_seopress_titles_desc":"","_seopress_robots_index":""},"product_brand":[3407],"product_cat":[5531,29],"product_tag":[3270],"class_list":{"0":"post-612108","1":"product","2":"type-product","3":"status-publish","4":"has-post-thumbnail","6":"product_brand-milwaukee","7":"product_cat-vari-macchinari-milwaukee","8":"product_cat-macchinari","9":"product_tag-import-milwau","10":"sws-conto-ricavi-merci-rivendita-macchinari-fr","11":"sws-gruppo-iva-iva81-fr","13":"first","14":"onbackorder","15":"sale","16":"shipping-taxable","17":"purchasable","18":"product-type-simple"},"_links":{"self":[{"href":"https:\/\/lucacastelli.com\/fr\/wp-json\/wp\/v2\/product\/612108","targetHints":{"allow":["GET"]}}],"collection":[{"href":"https:\/\/lucacastelli.com\/fr\/wp-json\/wp\/v2\/product"}],"about":[{"href":"https:\/\/lucacastelli.com\/fr\/wp-json\/wp\/v2\/types\/product"}],"wp:featuredmedia":[{"embeddable":true,"href":"https:\/\/lucacastelli.com\/fr\/wp-json\/wp\/v2\/media\/591247"}],"wp:attachment":[{"href":"https:\/\/lucacastelli.com\/fr\/wp-json\/wp\/v2\/media?parent=612108"}],"wp:term":[{"taxonomy":"product_brand","embeddable":true,"href":"https:\/\/lucacastelli.com\/fr\/wp-json\/wp\/v2\/product_brand?post=612108"},{"taxonomy":"product_cat","embeddable":true,"href":"https:\/\/lucacastelli.com\/fr\/wp-json\/wp\/v2\/product_cat?post=612108"},{"taxonomy":"product_tag","embeddable":true,"href":"https:\/\/lucacastelli.com\/fr\/wp-json\/wp\/v2\/product_tag?post=612108"}],"curies":[{"name":"wp","href":"https:\/\/api.w.org\/{rel}","templated":true}]}}